{"id":675,"date":"2018-03-11T16:34:20","date_gmt":"2018-03-11T15:34:20","guid":{"rendered":"http:\/\/www.petrmudrak.photo\/?page_id=675"},"modified":"2021-06-01T13:17:03","modified_gmt":"2021-06-01T12:17:03","slug":"sluzby-a-ceny","status":"publish","type":"page","link":"https:\/\/www.petrmudrak.photo\/index.php\/kontakt\/sluzby-a-ceny\/","title":{"rendered":"Slu\u017eby a ceny"},"content":{"rendered":"<p>Nab\u00edz\u00edm nejen rodinn\u00e9 focen\u00ed, focen\u00ed svateb, d\u011bt\u00ed, ale i focen\u00ed pro V\u00e1s d\u016fle\u017eit\u00fdch ud\u00e1lost\u00ed.<\/p>\n<p>Mo\u017en\u00e1 se zd\u00e1 takov\u00fd rozsah velk\u00fd a nesourod\u00fd. V\u011b\u0159te nen\u00ed, ve v\u0161ech ud\u00e1lostech jsou emoce. Tyhle emoce se sna\u017e\u00edm fotkou zachytit a je vlastn\u011b jedno jestli radost je kv\u016fli kopretin\u011b, dobr\u00e9 zn\u00e1mce nebo nejrychlej\u0161\u00edmu \u010dasu.&nbsp;<\/p>\n<p>Pro Va\u0161i orientaci uv\u00e1d\u00edm ceny za nejb\u011b\u017en\u011bj\u0161\u00ed focen\u00ed. Pokud m\u00e1te n\u00e1m\u011bt na konkr\u00e9tn\u00ed t\u00e9ma focen\u00ed a nejste si jisti, ur\u010dit\u011b mne <a href=\"http:\/\/www.petrmudrak.photo\/index.php\/kontakt\/\">kontaktujte<\/a>, r\u00e1d s V\u00e1mi proberu V\u00e1\u0161 n\u00e1pad.<\/p>\n","protected":false},"excerpt":{"rendered":"<p>Nab\u00edz\u00edm nejen rodinn\u00e9 focen\u00ed, focen\u00ed svateb, d\u011bt\u00ed, ale i focen\u00ed pro V\u00e1s d\u016fle\u017eit\u00fdch ud\u00e1lost\u00ed. Mo\u017en\u00e1 se zd\u00e1 takov\u00fd rozsah velk\u00fd a nesourod\u00fd. V\u011b\u0159te nen\u00ed, ve v\u0161ech ud\u00e1lostech jsou emoce. Tyhle emoce se sna\u017e\u00edm fotkou zachytit a je vlastn\u011b jedno jestli radost je kv\u016fli kopretin\u011b, dobr\u00e9 zn\u00e1mce nebo nejrychlej\u0161\u00edmu \u010dasu.&nbsp; Pro Va\u0161i orientaci uv\u00e1d\u00edm ceny za &hellip; <\/p>\n<p class=\"link-more\"><a href=\"https:\/\/www.petrmudrak.photo\/index.php\/kontakt\/sluzby-a-ceny\/\" class=\"more-link\">Pokra\u010dovat ve \u010dten\u00ed<span class=\"screen-reader-text\"> &#8222;Slu\u017eby a ceny&#8220;<\/span><\/a><\/p>\n","protected":false},"author":1,"featured_media":0,"parent":256,"menu_order":5,"comment_status":"closed","ping_status":"closed","template":"","meta":{"ngg_post_thumbnail":0,"footnotes":""},"class_list":["post-675","page","type-page","status-publish","hentry"],"yoast_head":"<!-- This site is optimized with the Yoast SEO plugin v27.4 - https:\/\/yoast.com\/product\/yoast-seo-wordpress\/ -->\n<title>Slu\u017eby a ceny - Petr Mudr\u00e1k<\/title>\n<meta name=\"robots\" content=\"index, follow, max-snippet:-1, max-image-preview:large, max-video-preview:-1\" \/>\n<link rel=\"canonical\" href=\"https:\/\/www.petrmudrak.photo\/index.php\/kontakt\/sluzby-a-ceny\/\" \/>\n<meta property=\"og:locale\" content=\"cs_CZ\" \/>\n<meta property=\"og:type\" content=\"article\" \/>\n<meta property=\"og:title\" content=\"Slu\u017eby a ceny - Petr Mudr\u00e1k\" \/>\n<meta property=\"og:description\" content=\"Nab\u00edz\u00edm nejen rodinn\u00e9 focen\u00ed, focen\u00ed svateb, d\u011bt\u00ed, ale i focen\u00ed pro V\u00e1s d\u016fle\u017eit\u00fdch ud\u00e1lost\u00ed. Mo\u017en\u00e1 se zd\u00e1 takov\u00fd rozsah velk\u00fd a nesourod\u00fd. V\u011b\u0159te nen\u00ed, ve v\u0161ech ud\u00e1lostech jsou emoce. Tyhle emoce se sna\u017e\u00edm fotkou zachytit a je vlastn\u011b jedno jestli radost je kv\u016fli kopretin\u011b, dobr\u00e9 zn\u00e1mce nebo nejrychlej\u0161\u00edmu \u010dasu.&nbsp; Pro Va\u0161i orientaci uv\u00e1d\u00edm ceny za &hellip; Pokra\u010dovat ve \u010dten\u00ed &quot;Slu\u017eby a ceny&quot;\" \/>\n<meta property=\"og:url\" content=\"https:\/\/www.petrmudrak.photo\/index.php\/kontakt\/sluzby-a-ceny\/\" \/>\n<meta property=\"og:site_name\" content=\"Petr Mudr\u00e1k\" \/>\n<meta property=\"article:publisher\" content=\"http:\/\/www.facebook.com\/fotopetrmudrak\" \/>\n<meta property=\"article:modified_time\" content=\"2021-06-01T12:17:03+00:00\" \/>\n<meta name=\"twitter:label1\" content=\"Odhadovan\u00e1 doba \u010dten\u00ed\" \/>\n\t<meta name=\"twitter:data1\" content=\"1 minuta\" \/>\n<script type=\"application\/ld+json\" class=\"yoast-schema-graph\">{\"@context\":\"https:\\\/\\\/schema.org\",\"@graph\":[{\"@type\":\"WebPage\",\"@id\":\"https:\\\/\\\/www.petrmudrak.photo\\\/index.php\\\/kontakt\\\/sluzby-a-ceny\\\/\",\"url\":\"https:\\\/\\\/www.petrmudrak.photo\\\/index.php\\\/kontakt\\\/sluzby-a-ceny\\\/\",\"name\":\"Slu\u017eby a ceny - Petr Mudr\u00e1k\",\"isPartOf\":{\"@id\":\"https:\\\/\\\/www.petrmudrak.photo\\\/#website\"},\"datePublished\":\"2018-03-11T15:34:20+00:00\",\"dateModified\":\"2021-06-01T12:17:03+00:00\",\"breadcrumb\":{\"@id\":\"https:\\\/\\\/www.petrmudrak.photo\\\/index.php\\\/kontakt\\\/sluzby-a-ceny\\\/#breadcrumb\"},\"inLanguage\":\"cs\",\"potentialAction\":[{\"@type\":\"ReadAction\",\"target\":[\"https:\\\/\\\/www.petrmudrak.photo\\\/index.php\\\/kontakt\\\/sluzby-a-ceny\\\/\"]}]},{\"@type\":\"BreadcrumbList\",\"@id\":\"https:\\\/\\\/www.petrmudrak.photo\\\/index.php\\\/kontakt\\\/sluzby-a-ceny\\\/#breadcrumb\",\"itemListElement\":[{\"@type\":\"ListItem\",\"position\":1,\"name\":\"Dom\u016f\",\"item\":\"https:\\\/\\\/www.petrmudrak.photo\\\/\"},{\"@type\":\"ListItem\",\"position\":2,\"name\":\"Kontakty\",\"item\":\"https:\\\/\\\/www.petrmudrak.photo\\\/index.php\\\/kontakt\\\/\"},{\"@type\":\"ListItem\",\"position\":3,\"name\":\"Slu\u017eby a ceny\"}]},{\"@type\":\"WebSite\",\"@id\":\"https:\\\/\\\/www.petrmudrak.photo\\\/#website\",\"url\":\"https:\\\/\\\/www.petrmudrak.photo\\\/\",\"name\":\"Petr Mudr\u00e1k\",\"description\":\"fotograf\",\"publisher\":{\"@id\":\"https:\\\/\\\/www.petrmudrak.photo\\\/#organization\"},\"potentialAction\":[{\"@type\":\"SearchAction\",\"target\":{\"@type\":\"EntryPoint\",\"urlTemplate\":\"https:\\\/\\\/www.petrmudrak.photo\\\/?s={search_term_string}\"},\"query-input\":{\"@type\":\"PropertyValueSpecification\",\"valueRequired\":true,\"valueName\":\"search_term_string\"}}],\"inLanguage\":\"cs\"},{\"@type\":\"Organization\",\"@id\":\"https:\\\/\\\/www.petrmudrak.photo\\\/#organization\",\"name\":\"Petr Mudr\u00e1k - fotograf\",\"url\":\"https:\\\/\\\/www.petrmudrak.photo\\\/\",\"logo\":{\"@type\":\"ImageObject\",\"inLanguage\":\"cs\",\"@id\":\"https:\\\/\\\/www.petrmudrak.photo\\\/#\\\/schema\\\/logo\\\/image\\\/\",\"url\":\"https:\\\/\\\/www.petrmudrak.photo\\\/wp-content\\\/uploads\\\/2017\\\/12\\\/Pozad\u00ed-objektiv.jpg\",\"contentUrl\":\"https:\\\/\\\/www.petrmudrak.photo\\\/wp-content\\\/uploads\\\/2017\\\/12\\\/Pozad\u00ed-objektiv.jpg\",\"width\":1600,\"height\":1005,\"caption\":\"Petr Mudr\u00e1k - fotograf\"},\"image\":{\"@id\":\"https:\\\/\\\/www.petrmudrak.photo\\\/#\\\/schema\\\/logo\\\/image\\\/\"},\"sameAs\":[\"http:\\\/\\\/www.facebook.com\\\/fotopetrmudrak\"]}]}<\/script>\n<!-- \/ Yoast SEO plugin. -->","yoast_head_json":{"title":"Slu\u017eby a ceny - Petr Mudr\u00e1k","robots":{"index":"index","follow":"follow","max-snippet":"max-snippet:-1","max-image-preview":"max-image-preview:large","max-video-preview":"max-video-preview:-1"},"canonical":"https:\/\/www.petrmudrak.photo\/index.php\/kontakt\/sluzby-a-ceny\/","og_locale":"cs_CZ","og_type":"article","og_title":"Slu\u017eby a ceny - Petr Mudr\u00e1k","og_description":"Nab\u00edz\u00edm nejen rodinn\u00e9 focen\u00ed, focen\u00ed svateb, d\u011bt\u00ed, ale i focen\u00ed pro V\u00e1s d\u016fle\u017eit\u00fdch ud\u00e1lost\u00ed. Mo\u017en\u00e1 se zd\u00e1 takov\u00fd rozsah velk\u00fd a nesourod\u00fd. V\u011b\u0159te nen\u00ed, ve v\u0161ech ud\u00e1lostech jsou emoce. Tyhle emoce se sna\u017e\u00edm fotkou zachytit a je vlastn\u011b jedno jestli radost je kv\u016fli kopretin\u011b, dobr\u00e9 zn\u00e1mce nebo nejrychlej\u0161\u00edmu \u010dasu.&nbsp; Pro Va\u0161i orientaci uv\u00e1d\u00edm ceny za &hellip; Pokra\u010dovat ve \u010dten\u00ed \"Slu\u017eby a ceny\"","og_url":"https:\/\/www.petrmudrak.photo\/index.php\/kontakt\/sluzby-a-ceny\/","og_site_name":"Petr Mudr\u00e1k","article_publisher":"http:\/\/www.facebook.com\/fotopetrmudrak","article_modified_time":"2021-06-01T12:17:03+00:00","twitter_misc":{"Odhadovan\u00e1 doba \u010dten\u00ed":"1 minuta"},"schema":{"@context":"https:\/\/schema.org","@graph":[{"@type":"WebPage","@id":"https:\/\/www.petrmudrak.photo\/index.php\/kontakt\/sluzby-a-ceny\/","url":"https:\/\/www.petrmudrak.photo\/index.php\/kontakt\/sluzby-a-ceny\/","name":"Slu\u017eby a ceny - Petr Mudr\u00e1k","isPartOf":{"@id":"https:\/\/www.petrmudrak.photo\/#website"},"datePublished":"2018-03-11T15:34:20+00:00","dateModified":"2021-06-01T12:17:03+00:00","breadcrumb":{"@id":"https:\/\/www.petrmudrak.photo\/index.php\/kontakt\/sluzby-a-ceny\/#breadcrumb"},"inLanguage":"cs","potentialAction":[{"@type":"ReadAction","target":["https:\/\/www.petrmudrak.photo\/index.php\/kontakt\/sluzby-a-ceny\/"]}]},{"@type":"BreadcrumbList","@id":"https:\/\/www.petrmudrak.photo\/index.php\/kontakt\/sluzby-a-ceny\/#breadcrumb","itemListElement":[{"@type":"ListItem","position":1,"name":"Dom\u016f","item":"https:\/\/www.petrmudrak.photo\/"},{"@type":"ListItem","position":2,"name":"Kontakty","item":"https:\/\/www.petrmudrak.photo\/index.php\/kontakt\/"},{"@type":"ListItem","position":3,"name":"Slu\u017eby a ceny"}]},{"@type":"WebSite","@id":"https:\/\/www.petrmudrak.photo\/#website","url":"https:\/\/www.petrmudrak.photo\/","name":"Petr Mudr\u00e1k","description":"fotograf","publisher":{"@id":"https:\/\/www.petrmudrak.photo\/#organization"},"potentialAction":[{"@type":"SearchAction","target":{"@type":"EntryPoint","urlTemplate":"https:\/\/www.petrmudrak.photo\/?s={search_term_string}"},"query-input":{"@type":"PropertyValueSpecification","valueRequired":true,"valueName":"search_term_string"}}],"inLanguage":"cs"},{"@type":"Organization","@id":"https:\/\/www.petrmudrak.photo\/#organization","name":"Petr Mudr\u00e1k - fotograf","url":"https:\/\/www.petrmudrak.photo\/","logo":{"@type":"ImageObject","inLanguage":"cs","@id":"https:\/\/www.petrmudrak.photo\/#\/schema\/logo\/image\/","url":"https:\/\/www.petrmudrak.photo\/wp-content\/uploads\/2017\/12\/Pozad\u00ed-objektiv.jpg","contentUrl":"https:\/\/www.petrmudrak.photo\/wp-content\/uploads\/2017\/12\/Pozad\u00ed-objektiv.jpg","width":1600,"height":1005,"caption":"Petr Mudr\u00e1k - fotograf"},"image":{"@id":"https:\/\/www.petrmudrak.photo\/#\/schema\/logo\/image\/"},"sameAs":["http:\/\/www.facebook.com\/fotopetrmudrak"]}]}},"_links":{"self":[{"href":"https:\/\/www.petrmudrak.photo\/index.php\/wp-json\/wp\/v2\/pages\/675","targetHints":{"allow":["GET"]}}],"collection":[{"href":"https:\/\/www.petrmudrak.photo\/index.php\/wp-json\/wp\/v2\/pages"}],"about":[{"href":"https:\/\/www.petrmudrak.photo\/index.php\/wp-json\/wp\/v2\/types\/page"}],"author":[{"embeddable":true,"href":"https:\/\/www.petrmudrak.photo\/index.php\/wp-json\/wp\/v2\/users\/1"}],"replies":[{"embeddable":true,"href":"https:\/\/www.petrmudrak.photo\/index.php\/wp-json\/wp\/v2\/comments?post=675"}],"version-history":[{"count":20,"href":"https:\/\/www.petrmudrak.photo\/index.php\/wp-json\/wp\/v2\/pages\/675\/revisions"}],"predecessor-version":[{"id":1203,"href":"https:\/\/www.petrmudrak.photo\/index.php\/wp-json\/wp\/v2\/pages\/675\/revisions\/1203"}],"up":[{"embeddable":true,"href":"https:\/\/www.petrmudrak.photo\/index.php\/wp-json\/wp\/v2\/pages\/256"}],"wp:attachment":[{"href":"https:\/\/www.petrmudrak.photo\/index.php\/wp-json\/wp\/v2\/media?parent=675"}],"curies":[{"name":"wp","href":"https:\/\/api.w.org\/{rel}","templated":true}]}}