{"id":364,"date":"2018-01-20T17:33:21","date_gmt":"2018-01-20T16:33:21","guid":{"rendered":"http:\/\/www.petrmudrak.photo\/?page_id=364"},"modified":"2020-08-22T16:22:20","modified_gmt":"2020-08-22T15:22:20","slug":"v-lese","status":"publish","type":"page","link":"https:\/\/www.petrmudrak.photo\/index.php\/vitejte-na-strankach-venovanych-fotografii\/v-lese\/","title":{"rendered":"V lese a v krajin\u011b"},"content":{"rendered":"<p>Od mala miluji les. No&#8230; ono asi by \u010dlov\u011bk dlouho hledal n\u011bkoho, kdo by s nejhlub\u0161\u00edm p\u0159esv\u011bd\u010den\u00edm o sob\u011b tvrdil, \u017ee les nesn\u00e1\u0161\u00ed. V\u017edy, kdy\u017e vejdu mezi stromy, sna\u017e\u00edm se v\u0161\u00edmat detail\u016f &#8211; k\u016fry, zlomen\u00e9 v\u011btve, barvy list\u016f. Ne v\u017edy m\u00e1m ssebou fo\u0165\u00e1k, ale pokud ano, sna\u017e\u00edm se ty drobn\u00e9 detaily zachytit.&nbsp;&nbsp;<\/p>\nngg_shortcode_0_placeholder\n<p>&nbsp;<\/p>\n\n\nngg_shortcode_1_placeholder\n","protected":false},"excerpt":{"rendered":"<p>Od mala miluji les. No&#8230; ono asi by \u010dlov\u011bk dlouho hledal n\u011bkoho, kdo by s nejhlub\u0161\u00edm p\u0159esv\u011bd\u010den\u00edm o sob\u011b tvrdil, \u017ee les nesn\u00e1\u0161\u00ed. V\u017edy, kdy\u017e vejdu mezi stromy, sna\u017e\u00edm se v\u0161\u00edmat detail\u016f &#8211; k\u016fry, zlomen\u00e9 v\u011btve, barvy list\u016f. Ne v\u017edy m\u00e1m ssebou fo\u0165\u00e1k, ale pokud ano, sna\u017e\u00edm se ty drobn\u00e9 detaily zachytit.&nbsp;&nbsp; &nbsp;<\/p>\n","protected":false},"author":1,"featured_media":0,"parent":217,"menu_order":0,"comment_status":"closed","ping_status":"closed","template":"","meta":{"ngg_post_thumbnail":0,"footnotes":""},"class_list":["post-364","page","type-page","status-publish","hentry"],"yoast_head":"<!-- This site is optimized with the Yoast SEO plugin v27.4 - https:\/\/yoast.com\/product\/yoast-seo-wordpress\/ -->\n<title>V lese a v krajin\u011b - Petr Mudr\u00e1k<\/title>\n<meta name=\"robots\" content=\"index, follow, max-snippet:-1, max-image-preview:large, max-video-preview:-1\" \/>\n<link rel=\"canonical\" href=\"https:\/\/www.petrmudrak.photo\/index.php\/vitejte-na-strankach-venovanych-fotografii\/v-lese\/\" \/>\n<meta property=\"og:locale\" content=\"cs_CZ\" \/>\n<meta property=\"og:type\" content=\"article\" \/>\n<meta property=\"og:title\" content=\"V lese a v krajin\u011b - Petr Mudr\u00e1k\" \/>\n<meta property=\"og:description\" content=\"Od mala miluji les. No&#8230; ono asi by \u010dlov\u011bk dlouho hledal n\u011bkoho, kdo by s nejhlub\u0161\u00edm p\u0159esv\u011bd\u010den\u00edm o sob\u011b tvrdil, \u017ee les nesn\u00e1\u0161\u00ed. V\u017edy, kdy\u017e vejdu mezi stromy, sna\u017e\u00edm se v\u0161\u00edmat detail\u016f &#8211; k\u016fry, zlomen\u00e9 v\u011btve, barvy list\u016f. Ne v\u017edy m\u00e1m ssebou fo\u0165\u00e1k, ale pokud ano, sna\u017e\u00edm se ty drobn\u00e9 detaily zachytit.&nbsp;&nbsp; &nbsp;\" \/>\n<meta property=\"og:url\" content=\"https:\/\/www.petrmudrak.photo\/index.php\/vitejte-na-strankach-venovanych-fotografii\/v-lese\/\" \/>\n<meta property=\"og:site_name\" content=\"Petr Mudr\u00e1k\" \/>\n<meta property=\"article:publisher\" content=\"http:\/\/www.facebook.com\/fotopetrmudrak\" \/>\n<meta property=\"article:modified_time\" content=\"2020-08-22T15:22:20+00:00\" \/>\n<script type=\"application\/ld+json\" class=\"yoast-schema-graph\">{\"@context\":\"https:\\\/\\\/schema.org\",\"@graph\":[{\"@type\":\"WebPage\",\"@id\":\"https:\\\/\\\/www.petrmudrak.photo\\\/index.php\\\/vitejte-na-strankach-venovanych-fotografii\\\/v-lese\\\/\",\"url\":\"https:\\\/\\\/www.petrmudrak.photo\\\/index.php\\\/vitejte-na-strankach-venovanych-fotografii\\\/v-lese\\\/\",\"name\":\"V lese a v krajin\u011b - Petr Mudr\u00e1k\",\"isPartOf\":{\"@id\":\"https:\\\/\\\/www.petrmudrak.photo\\\/#website\"},\"datePublished\":\"2018-01-20T16:33:21+00:00\",\"dateModified\":\"2020-08-22T15:22:20+00:00\",\"breadcrumb\":{\"@id\":\"https:\\\/\\\/www.petrmudrak.photo\\\/index.php\\\/vitejte-na-strankach-venovanych-fotografii\\\/v-lese\\\/#breadcrumb\"},\"inLanguage\":\"cs\",\"potentialAction\":[{\"@type\":\"ReadAction\",\"target\":[\"https:\\\/\\\/www.petrmudrak.photo\\\/index.php\\\/vitejte-na-strankach-venovanych-fotografii\\\/v-lese\\\/\"]}]},{\"@type\":\"BreadcrumbList\",\"@id\":\"https:\\\/\\\/www.petrmudrak.photo\\\/index.php\\\/vitejte-na-strankach-venovanych-fotografii\\\/v-lese\\\/#breadcrumb\",\"itemListElement\":[{\"@type\":\"ListItem\",\"position\":1,\"name\":\"Dom\u016f\",\"item\":\"https:\\\/\\\/www.petrmudrak.photo\\\/\"},{\"@type\":\"ListItem\",\"position\":2,\"name\":\"Uk\u00e1zkov\u00e9 galerie\",\"item\":\"https:\\\/\\\/www.petrmudrak.photo\\\/index.php\\\/vitejte-na-strankach-venovanych-fotografii\\\/\"},{\"@type\":\"ListItem\",\"position\":3,\"name\":\"V lese a v krajin\u011b\"}]},{\"@type\":\"WebSite\",\"@id\":\"https:\\\/\\\/www.petrmudrak.photo\\\/#website\",\"url\":\"https:\\\/\\\/www.petrmudrak.photo\\\/\",\"name\":\"Petr Mudr\u00e1k\",\"description\":\"fotograf\",\"publisher\":{\"@id\":\"https:\\\/\\\/www.petrmudrak.photo\\\/#organization\"},\"potentialAction\":[{\"@type\":\"SearchAction\",\"target\":{\"@type\":\"EntryPoint\",\"urlTemplate\":\"https:\\\/\\\/www.petrmudrak.photo\\\/?s={search_term_string}\"},\"query-input\":{\"@type\":\"PropertyValueSpecification\",\"valueRequired\":true,\"valueName\":\"search_term_string\"}}],\"inLanguage\":\"cs\"},{\"@type\":\"Organization\",\"@id\":\"https:\\\/\\\/www.petrmudrak.photo\\\/#organization\",\"name\":\"Petr Mudr\u00e1k - fotograf\",\"url\":\"https:\\\/\\\/www.petrmudrak.photo\\\/\",\"logo\":{\"@type\":\"ImageObject\",\"inLanguage\":\"cs\",\"@id\":\"https:\\\/\\\/www.petrmudrak.photo\\\/#\\\/schema\\\/logo\\\/image\\\/\",\"url\":\"https:\\\/\\\/www.petrmudrak.photo\\\/wp-content\\\/uploads\\\/2017\\\/12\\\/Pozad\u00ed-objektiv.jpg\",\"contentUrl\":\"https:\\\/\\\/www.petrmudrak.photo\\\/wp-content\\\/uploads\\\/2017\\\/12\\\/Pozad\u00ed-objektiv.jpg\",\"width\":1600,\"height\":1005,\"caption\":\"Petr Mudr\u00e1k - fotograf\"},\"image\":{\"@id\":\"https:\\\/\\\/www.petrmudrak.photo\\\/#\\\/schema\\\/logo\\\/image\\\/\"},\"sameAs\":[\"http:\\\/\\\/www.facebook.com\\\/fotopetrmudrak\"]}]}<\/script>\n<!-- \/ Yoast SEO plugin. -->","yoast_head_json":{"title":"V lese a v krajin\u011b - Petr Mudr\u00e1k","robots":{"index":"index","follow":"follow","max-snippet":"max-snippet:-1","max-image-preview":"max-image-preview:large","max-video-preview":"max-video-preview:-1"},"canonical":"https:\/\/www.petrmudrak.photo\/index.php\/vitejte-na-strankach-venovanych-fotografii\/v-lese\/","og_locale":"cs_CZ","og_type":"article","og_title":"V lese a v krajin\u011b - Petr Mudr\u00e1k","og_description":"Od mala miluji les. No&#8230; ono asi by \u010dlov\u011bk dlouho hledal n\u011bkoho, kdo by s nejhlub\u0161\u00edm p\u0159esv\u011bd\u010den\u00edm o sob\u011b tvrdil, \u017ee les nesn\u00e1\u0161\u00ed. V\u017edy, kdy\u017e vejdu mezi stromy, sna\u017e\u00edm se v\u0161\u00edmat detail\u016f &#8211; k\u016fry, zlomen\u00e9 v\u011btve, barvy list\u016f. Ne v\u017edy m\u00e1m ssebou fo\u0165\u00e1k, ale pokud ano, sna\u017e\u00edm se ty drobn\u00e9 detaily zachytit.&nbsp;&nbsp; &nbsp;","og_url":"https:\/\/www.petrmudrak.photo\/index.php\/vitejte-na-strankach-venovanych-fotografii\/v-lese\/","og_site_name":"Petr Mudr\u00e1k","article_publisher":"http:\/\/www.facebook.com\/fotopetrmudrak","article_modified_time":"2020-08-22T15:22:20+00:00","schema":{"@context":"https:\/\/schema.org","@graph":[{"@type":"WebPage","@id":"https:\/\/www.petrmudrak.photo\/index.php\/vitejte-na-strankach-venovanych-fotografii\/v-lese\/","url":"https:\/\/www.petrmudrak.photo\/index.php\/vitejte-na-strankach-venovanych-fotografii\/v-lese\/","name":"V lese a v krajin\u011b - Petr Mudr\u00e1k","isPartOf":{"@id":"https:\/\/www.petrmudrak.photo\/#website"},"datePublished":"2018-01-20T16:33:21+00:00","dateModified":"2020-08-22T15:22:20+00:00","breadcrumb":{"@id":"https:\/\/www.petrmudrak.photo\/index.php\/vitejte-na-strankach-venovanych-fotografii\/v-lese\/#breadcrumb"},"inLanguage":"cs","potentialAction":[{"@type":"ReadAction","target":["https:\/\/www.petrmudrak.photo\/index.php\/vitejte-na-strankach-venovanych-fotografii\/v-lese\/"]}]},{"@type":"BreadcrumbList","@id":"https:\/\/www.petrmudrak.photo\/index.php\/vitejte-na-strankach-venovanych-fotografii\/v-lese\/#breadcrumb","itemListElement":[{"@type":"ListItem","position":1,"name":"Dom\u016f","item":"https:\/\/www.petrmudrak.photo\/"},{"@type":"ListItem","position":2,"name":"Uk\u00e1zkov\u00e9 galerie","item":"https:\/\/www.petrmudrak.photo\/index.php\/vitejte-na-strankach-venovanych-fotografii\/"},{"@type":"ListItem","position":3,"name":"V lese a v krajin\u011b"}]},{"@type":"WebSite","@id":"https:\/\/www.petrmudrak.photo\/#website","url":"https:\/\/www.petrmudrak.photo\/","name":"Petr Mudr\u00e1k","description":"fotograf","publisher":{"@id":"https:\/\/www.petrmudrak.photo\/#organization"},"potentialAction":[{"@type":"SearchAction","target":{"@type":"EntryPoint","urlTemplate":"https:\/\/www.petrmudrak.photo\/?s={search_term_string}"},"query-input":{"@type":"PropertyValueSpecification","valueRequired":true,"valueName":"search_term_string"}}],"inLanguage":"cs"},{"@type":"Organization","@id":"https:\/\/www.petrmudrak.photo\/#organization","name":"Petr Mudr\u00e1k - fotograf","url":"https:\/\/www.petrmudrak.photo\/","logo":{"@type":"ImageObject","inLanguage":"cs","@id":"https:\/\/www.petrmudrak.photo\/#\/schema\/logo\/image\/","url":"https:\/\/www.petrmudrak.photo\/wp-content\/uploads\/2017\/12\/Pozad\u00ed-objektiv.jpg","contentUrl":"https:\/\/www.petrmudrak.photo\/wp-content\/uploads\/2017\/12\/Pozad\u00ed-objektiv.jpg","width":1600,"height":1005,"caption":"Petr Mudr\u00e1k - fotograf"},"image":{"@id":"https:\/\/www.petrmudrak.photo\/#\/schema\/logo\/image\/"},"sameAs":["http:\/\/www.facebook.com\/fotopetrmudrak"]}]}},"_links":{"self":[{"href":"https:\/\/www.petrmudrak.photo\/index.php\/wp-json\/wp\/v2\/pages\/364","targetHints":{"allow":["GET"]}}],"collection":[{"href":"https:\/\/www.petrmudrak.photo\/index.php\/wp-json\/wp\/v2\/pages"}],"about":[{"href":"https:\/\/www.petrmudrak.photo\/index.php\/wp-json\/wp\/v2\/types\/page"}],"author":[{"embeddable":true,"href":"https:\/\/www.petrmudrak.photo\/index.php\/wp-json\/wp\/v2\/users\/1"}],"replies":[{"embeddable":true,"href":"https:\/\/www.petrmudrak.photo\/index.php\/wp-json\/wp\/v2\/comments?post=364"}],"version-history":[{"count":4,"href":"https:\/\/www.petrmudrak.photo\/index.php\/wp-json\/wp\/v2\/pages\/364\/revisions"}],"predecessor-version":[{"id":1145,"href":"https:\/\/www.petrmudrak.photo\/index.php\/wp-json\/wp\/v2\/pages\/364\/revisions\/1145"}],"up":[{"embeddable":true,"href":"https:\/\/www.petrmudrak.photo\/index.php\/wp-json\/wp\/v2\/pages\/217"}],"wp:attachment":[{"href":"https:\/\/www.petrmudrak.photo\/index.php\/wp-json\/wp\/v2\/media?parent=364"}],"curies":[{"name":"wp","href":"https:\/\/api.w.org\/{rel}","templated":true}]}}