{"id":217,"date":"2017-12-26T16:51:30","date_gmt":"2017-12-26T16:51:30","guid":{"rendered":"http:\/\/www.petrmudrak.photo\/?page_id=217"},"modified":"2018-04-03T15:34:06","modified_gmt":"2018-04-03T14:34:06","slug":"vitejte-na-strankach-venovanych-fotografii","status":"publish","type":"page","link":"https:\/\/www.petrmudrak.photo\/index.php\/vitejte-na-strankach-venovanych-fotografii\/","title":{"rendered":"Uk\u00e1zkov\u00e9 galerie"},"content":{"rendered":"<h2 style=\"text-align: center;\">Jsem r\u00e1d, \u017ee jste se na chvilku zastavili<\/h2>\n<p style=\"text-align: center;\">Pokud se chcete se sv\u00fdmi z\u00e1\u017eitky pod\u011blit, pokud si chcete i po letech \u0159\u00edci &#8222;to bylo fajn&#8220;, pokud chcete m\u00edt fotografie a ne jen spoustu &#8222;obr\u00e1zk\u016f&#8220;, jste zde spr\u00e1vn\u011b.<\/p>\n<p style=\"text-align: center;\">Nab\u00edz\u00edm V\u00e1m fotografick\u00e9 slu\u017eby v ateli\u00e9ru v Plzni nebo i plen\u00e9ru. Nez\u00e1le\u017e\u00ed na konkr\u00e9tn\u00edm t\u00e9matu, sp\u00ed\u0161e z\u00e1le\u017e\u00ed na Va\u0161\u00ed p\u0159edstav\u011b nebo o\u010dek\u00e1v\u00e1n\u00ed. A pokud p\u0159edstavu nem\u00e1te, nevad\u00ed, r\u00e1d s V\u00e1mi p\u0159ed realizac\u00ed projdu mo\u017enosti.<\/p>\n","protected":false},"excerpt":{"rendered":"<p>Jsem r\u00e1d, \u017ee jste se na chvilku zastavili Pokud se chcete se sv\u00fdmi z\u00e1\u017eitky pod\u011blit, pokud si chcete i po letech \u0159\u00edci &#8222;to bylo fajn&#8220;, pokud chcete m\u00edt fotografie a ne jen spoustu &#8222;obr\u00e1zk\u016f&#8220;, jste zde spr\u00e1vn\u011b. Nab\u00edz\u00edm V\u00e1m fotografick\u00e9 slu\u017eby v ateli\u00e9ru v Plzni nebo i plen\u00e9ru. Nez\u00e1le\u017e\u00ed na konkr\u00e9tn\u00edm t\u00e9matu, sp\u00ed\u0161e z\u00e1le\u017e\u00ed na &hellip; <\/p>\n<p class=\"link-more\"><a href=\"https:\/\/www.petrmudrak.photo\/index.php\/vitejte-na-strankach-venovanych-fotografii\/\" class=\"more-link\">Pokra\u010dovat ve \u010dten\u00ed<span class=\"screen-reader-text\"> &#8222;Uk\u00e1zkov\u00e9 galerie&#8220;<\/span><\/a><\/p>\n","protected":false},"author":1,"featured_media":0,"parent":0,"menu_order":1,"comment_status":"closed","ping_status":"closed","template":"","meta":{"ngg_post_thumbnail":0,"footnotes":""},"class_list":["post-217","page","type-page","status-publish","hentry"],"yoast_head":"<!-- This site is optimized with the Yoast SEO plugin v27.4 - https:\/\/yoast.com\/product\/yoast-seo-wordpress\/ -->\n<title>Uk\u00e1zkov\u00e9 galerie - Petr Mudr\u00e1k<\/title>\n<meta name=\"robots\" content=\"index, follow, max-snippet:-1, max-image-preview:large, max-video-preview:-1\" \/>\n<link rel=\"canonical\" href=\"https:\/\/www.petrmudrak.photo\/index.php\/vitejte-na-strankach-venovanych-fotografii\/\" \/>\n<meta property=\"og:locale\" content=\"cs_CZ\" \/>\n<meta property=\"og:type\" content=\"article\" \/>\n<meta property=\"og:title\" content=\"Uk\u00e1zkov\u00e9 galerie - Petr Mudr\u00e1k\" \/>\n<meta property=\"og:description\" content=\"Jsem r\u00e1d, \u017ee jste se na chvilku zastavili Pokud se chcete se sv\u00fdmi z\u00e1\u017eitky pod\u011blit, pokud si chcete i po letech \u0159\u00edci &#8222;to bylo fajn&#8220;, pokud chcete m\u00edt fotografie a ne jen spoustu &#8222;obr\u00e1zk\u016f&#8220;, jste zde spr\u00e1vn\u011b. Nab\u00edz\u00edm V\u00e1m fotografick\u00e9 slu\u017eby v ateli\u00e9ru v Plzni nebo i plen\u00e9ru. Nez\u00e1le\u017e\u00ed na konkr\u00e9tn\u00edm t\u00e9matu, sp\u00ed\u0161e z\u00e1le\u017e\u00ed na &hellip; Pokra\u010dovat ve \u010dten\u00ed &quot;Uk\u00e1zkov\u00e9 galerie&quot;\" \/>\n<meta property=\"og:url\" content=\"https:\/\/www.petrmudrak.photo\/index.php\/vitejte-na-strankach-venovanych-fotografii\/\" \/>\n<meta property=\"og:site_name\" content=\"Petr Mudr\u00e1k\" \/>\n<meta property=\"article:publisher\" content=\"http:\/\/www.facebook.com\/fotopetrmudrak\" \/>\n<meta property=\"article:modified_time\" content=\"2018-04-03T14:34:06+00:00\" \/>\n<meta name=\"twitter:label1\" content=\"Odhadovan\u00e1 doba \u010dten\u00ed\" \/>\n\t<meta name=\"twitter:data1\" content=\"1 minuta\" \/>\n<script type=\"application\/ld+json\" class=\"yoast-schema-graph\">{\"@context\":\"https:\\\/\\\/schema.org\",\"@graph\":[{\"@type\":\"WebPage\",\"@id\":\"https:\\\/\\\/www.petrmudrak.photo\\\/index.php\\\/vitejte-na-strankach-venovanych-fotografii\\\/\",\"url\":\"https:\\\/\\\/www.petrmudrak.photo\\\/index.php\\\/vitejte-na-strankach-venovanych-fotografii\\\/\",\"name\":\"Uk\u00e1zkov\u00e9 galerie - Petr Mudr\u00e1k\",\"isPartOf\":{\"@id\":\"https:\\\/\\\/www.petrmudrak.photo\\\/#website\"},\"datePublished\":\"2017-12-26T16:51:30+00:00\",\"dateModified\":\"2018-04-03T14:34:06+00:00\",\"breadcrumb\":{\"@id\":\"https:\\\/\\\/www.petrmudrak.photo\\\/index.php\\\/vitejte-na-strankach-venovanych-fotografii\\\/#breadcrumb\"},\"inLanguage\":\"cs\",\"potentialAction\":[{\"@type\":\"ReadAction\",\"target\":[\"https:\\\/\\\/www.petrmudrak.photo\\\/index.php\\\/vitejte-na-strankach-venovanych-fotografii\\\/\"]}]},{\"@type\":\"BreadcrumbList\",\"@id\":\"https:\\\/\\\/www.petrmudrak.photo\\\/index.php\\\/vitejte-na-strankach-venovanych-fotografii\\\/#breadcrumb\",\"itemListElement\":[{\"@type\":\"ListItem\",\"position\":1,\"name\":\"Dom\u016f\",\"item\":\"https:\\\/\\\/www.petrmudrak.photo\\\/\"},{\"@type\":\"ListItem\",\"position\":2,\"name\":\"Uk\u00e1zkov\u00e9 galerie\"}]},{\"@type\":\"WebSite\",\"@id\":\"https:\\\/\\\/www.petrmudrak.photo\\\/#website\",\"url\":\"https:\\\/\\\/www.petrmudrak.photo\\\/\",\"name\":\"Petr Mudr\u00e1k\",\"description\":\"fotograf\",\"publisher\":{\"@id\":\"https:\\\/\\\/www.petrmudrak.photo\\\/#organization\"},\"potentialAction\":[{\"@type\":\"SearchAction\",\"target\":{\"@type\":\"EntryPoint\",\"urlTemplate\":\"https:\\\/\\\/www.petrmudrak.photo\\\/?s={search_term_string}\"},\"query-input\":{\"@type\":\"PropertyValueSpecification\",\"valueRequired\":true,\"valueName\":\"search_term_string\"}}],\"inLanguage\":\"cs\"},{\"@type\":\"Organization\",\"@id\":\"https:\\\/\\\/www.petrmudrak.photo\\\/#organization\",\"name\":\"Petr Mudr\u00e1k - fotograf\",\"url\":\"https:\\\/\\\/www.petrmudrak.photo\\\/\",\"logo\":{\"@type\":\"ImageObject\",\"inLanguage\":\"cs\",\"@id\":\"https:\\\/\\\/www.petrmudrak.photo\\\/#\\\/schema\\\/logo\\\/image\\\/\",\"url\":\"https:\\\/\\\/www.petrmudrak.photo\\\/wp-content\\\/uploads\\\/2017\\\/12\\\/Pozad\u00ed-objektiv.jpg\",\"contentUrl\":\"https:\\\/\\\/www.petrmudrak.photo\\\/wp-content\\\/uploads\\\/2017\\\/12\\\/Pozad\u00ed-objektiv.jpg\",\"width\":1600,\"height\":1005,\"caption\":\"Petr Mudr\u00e1k - fotograf\"},\"image\":{\"@id\":\"https:\\\/\\\/www.petrmudrak.photo\\\/#\\\/schema\\\/logo\\\/image\\\/\"},\"sameAs\":[\"http:\\\/\\\/www.facebook.com\\\/fotopetrmudrak\"]}]}<\/script>\n<!-- \/ Yoast SEO plugin. -->","yoast_head_json":{"title":"Uk\u00e1zkov\u00e9 galerie - Petr Mudr\u00e1k","robots":{"index":"index","follow":"follow","max-snippet":"max-snippet:-1","max-image-preview":"max-image-preview:large","max-video-preview":"max-video-preview:-1"},"canonical":"https:\/\/www.petrmudrak.photo\/index.php\/vitejte-na-strankach-venovanych-fotografii\/","og_locale":"cs_CZ","og_type":"article","og_title":"Uk\u00e1zkov\u00e9 galerie - Petr Mudr\u00e1k","og_description":"Jsem r\u00e1d, \u017ee jste se na chvilku zastavili Pokud se chcete se sv\u00fdmi z\u00e1\u017eitky pod\u011blit, pokud si chcete i po letech \u0159\u00edci &#8222;to bylo fajn&#8220;, pokud chcete m\u00edt fotografie a ne jen spoustu &#8222;obr\u00e1zk\u016f&#8220;, jste zde spr\u00e1vn\u011b. Nab\u00edz\u00edm V\u00e1m fotografick\u00e9 slu\u017eby v ateli\u00e9ru v Plzni nebo i plen\u00e9ru. Nez\u00e1le\u017e\u00ed na konkr\u00e9tn\u00edm t\u00e9matu, sp\u00ed\u0161e z\u00e1le\u017e\u00ed na &hellip; Pokra\u010dovat ve \u010dten\u00ed \"Uk\u00e1zkov\u00e9 galerie\"","og_url":"https:\/\/www.petrmudrak.photo\/index.php\/vitejte-na-strankach-venovanych-fotografii\/","og_site_name":"Petr Mudr\u00e1k","article_publisher":"http:\/\/www.facebook.com\/fotopetrmudrak","article_modified_time":"2018-04-03T14:34:06+00:00","twitter_misc":{"Odhadovan\u00e1 doba \u010dten\u00ed":"1 minuta"},"schema":{"@context":"https:\/\/schema.org","@graph":[{"@type":"WebPage","@id":"https:\/\/www.petrmudrak.photo\/index.php\/vitejte-na-strankach-venovanych-fotografii\/","url":"https:\/\/www.petrmudrak.photo\/index.php\/vitejte-na-strankach-venovanych-fotografii\/","name":"Uk\u00e1zkov\u00e9 galerie - Petr Mudr\u00e1k","isPartOf":{"@id":"https:\/\/www.petrmudrak.photo\/#website"},"datePublished":"2017-12-26T16:51:30+00:00","dateModified":"2018-04-03T14:34:06+00:00","breadcrumb":{"@id":"https:\/\/www.petrmudrak.photo\/index.php\/vitejte-na-strankach-venovanych-fotografii\/#breadcrumb"},"inLanguage":"cs","potentialAction":[{"@type":"ReadAction","target":["https:\/\/www.petrmudrak.photo\/index.php\/vitejte-na-strankach-venovanych-fotografii\/"]}]},{"@type":"BreadcrumbList","@id":"https:\/\/www.petrmudrak.photo\/index.php\/vitejte-na-strankach-venovanych-fotografii\/#breadcrumb","itemListElement":[{"@type":"ListItem","position":1,"name":"Dom\u016f","item":"https:\/\/www.petrmudrak.photo\/"},{"@type":"ListItem","position":2,"name":"Uk\u00e1zkov\u00e9 galerie"}]},{"@type":"WebSite","@id":"https:\/\/www.petrmudrak.photo\/#website","url":"https:\/\/www.petrmudrak.photo\/","name":"Petr Mudr\u00e1k","description":"fotograf","publisher":{"@id":"https:\/\/www.petrmudrak.photo\/#organization"},"potentialAction":[{"@type":"SearchAction","target":{"@type":"EntryPoint","urlTemplate":"https:\/\/www.petrmudrak.photo\/?s={search_term_string}"},"query-input":{"@type":"PropertyValueSpecification","valueRequired":true,"valueName":"search_term_string"}}],"inLanguage":"cs"},{"@type":"Organization","@id":"https:\/\/www.petrmudrak.photo\/#organization","name":"Petr Mudr\u00e1k - fotograf","url":"https:\/\/www.petrmudrak.photo\/","logo":{"@type":"ImageObject","inLanguage":"cs","@id":"https:\/\/www.petrmudrak.photo\/#\/schema\/logo\/image\/","url":"https:\/\/www.petrmudrak.photo\/wp-content\/uploads\/2017\/12\/Pozad\u00ed-objektiv.jpg","contentUrl":"https:\/\/www.petrmudrak.photo\/wp-content\/uploads\/2017\/12\/Pozad\u00ed-objektiv.jpg","width":1600,"height":1005,"caption":"Petr Mudr\u00e1k - fotograf"},"image":{"@id":"https:\/\/www.petrmudrak.photo\/#\/schema\/logo\/image\/"},"sameAs":["http:\/\/www.facebook.com\/fotopetrmudrak"]}]}},"_links":{"self":[{"href":"https:\/\/www.petrmudrak.photo\/index.php\/wp-json\/wp\/v2\/pages\/217","targetHints":{"allow":["GET"]}}],"collection":[{"href":"https:\/\/www.petrmudrak.photo\/index.php\/wp-json\/wp\/v2\/pages"}],"about":[{"href":"https:\/\/www.petrmudrak.photo\/index.php\/wp-json\/wp\/v2\/types\/page"}],"author":[{"embeddable":true,"href":"https:\/\/www.petrmudrak.photo\/index.php\/wp-json\/wp\/v2\/users\/1"}],"replies":[{"embeddable":true,"href":"https:\/\/www.petrmudrak.photo\/index.php\/wp-json\/wp\/v2\/comments?post=217"}],"version-history":[{"count":8,"href":"https:\/\/www.petrmudrak.photo\/index.php\/wp-json\/wp\/v2\/pages\/217\/revisions"}],"predecessor-version":[{"id":711,"href":"https:\/\/www.petrmudrak.photo\/index.php\/wp-json\/wp\/v2\/pages\/217\/revisions\/711"}],"wp:attachment":[{"href":"https:\/\/www.petrmudrak.photo\/index.php\/wp-json\/wp\/v2\/media?parent=217"}],"curies":[{"name":"wp","href":"https:\/\/api.w.org\/{rel}","templated":true}]}}