{"id":171,"date":"2017-12-26T17:35:17","date_gmt":"2017-12-26T17:35:17","guid":{"rendered":"http:\/\/www.petrmudrak.photo\/?page_id=171"},"modified":"2017-12-26T17:35:17","modified_gmt":"2017-12-26T17:35:17","slug":"detska-fotografie","status":"publish","type":"page","link":"https:\/\/www.petrmudrak.photo\/index.php\/vitejte-na-strankach-venovanych-fotografii\/detska-fotografie\/","title":{"rendered":"D\u011btsk\u00e1 fotografie"},"content":{"rendered":"<h2>D\u011btsk\u00e1 fotografie<\/h2>\n<p>P\u0159i focen\u00ed&nbsp; d\u011bt\u00ed se sna\u017e\u00edm dr\u017eet z\u00e1sady: &#8222;D\u011bti jsou p\u0159i focen\u00ed par\u0165\u00e1ci.&#8220; Pak si focen\u00ed u\u017e\u00edvaj\u00ed ob\u011b strany a v\u00fdsledek stoj\u00ed za to.<\/p>\n<p>P\u0159i focen\u00ed t\u011bch \u00fapln\u011b nejmen\u0161\u00edch jde samoz\u0159ejm\u011b z\u00e1sada trochu do pozad\u00ed a par\u0165\u00e1kem jsou rodi\u010de, kte\u0159\u00ed c\u00edt\u00ed co se miminku l\u00edb\u00ed. Pak jsem fotografem ne miminka, ale pr\u00e1v\u011b pocit\u016f.&nbsp;&nbsp;<\/p>\n<p>&nbsp;<\/p>\nngg_shortcode_0_placeholder\nngg_shortcode_1_placeholder\n","protected":false},"excerpt":{"rendered":"<p>D\u011btsk\u00e1 fotografie P\u0159i focen\u00ed&nbsp; d\u011bt\u00ed se sna\u017e\u00edm dr\u017eet z\u00e1sady: &#8222;D\u011bti jsou p\u0159i focen\u00ed par\u0165\u00e1ci.&#8220; Pak si focen\u00ed u\u017e\u00edvaj\u00ed ob\u011b strany a v\u00fdsledek stoj\u00ed za to. P\u0159i focen\u00ed t\u011bch \u00fapln\u011b nejmen\u0161\u00edch jde samoz\u0159ejm\u011b z\u00e1sada trochu do pozad\u00ed a par\u0165\u00e1kem jsou rodi\u010de, kte\u0159\u00ed c\u00edt\u00ed co se miminku l\u00edb\u00ed. Pak jsem fotografem ne miminka, ale pr\u00e1v\u011b pocit\u016f.&nbsp;&nbsp; &nbsp; &hellip; <\/p>\n<p class=\"link-more\"><a href=\"https:\/\/www.petrmudrak.photo\/index.php\/vitejte-na-strankach-venovanych-fotografii\/detska-fotografie\/\" class=\"more-link\">Pokra\u010dovat ve \u010dten\u00ed<span class=\"screen-reader-text\"> &#8222;D\u011btsk\u00e1 fotografie&#8220;<\/span><\/a><\/p>\n","protected":false},"author":1,"featured_media":0,"parent":217,"menu_order":0,"comment_status":"closed","ping_status":"closed","template":"","meta":{"ngg_post_thumbnail":0,"footnotes":""},"class_list":["post-171","page","type-page","status-publish","hentry"],"yoast_head":"<!-- This site is optimized with the Yoast SEO plugin v27.4 - https:\/\/yoast.com\/product\/yoast-seo-wordpress\/ -->\n<title>D\u011btsk\u00e1 fotografie - Petr Mudr\u00e1k<\/title>\n<meta name=\"robots\" content=\"index, follow, max-snippet:-1, max-image-preview:large, max-video-preview:-1\" \/>\n<link rel=\"canonical\" href=\"https:\/\/www.petrmudrak.photo\/index.php\/vitejte-na-strankach-venovanych-fotografii\/detska-fotografie\/\" \/>\n<meta property=\"og:locale\" content=\"cs_CZ\" \/>\n<meta property=\"og:type\" content=\"article\" \/>\n<meta property=\"og:title\" content=\"D\u011btsk\u00e1 fotografie - Petr Mudr\u00e1k\" \/>\n<meta property=\"og:description\" content=\"D\u011btsk\u00e1 fotografie P\u0159i focen\u00ed&nbsp; d\u011bt\u00ed se sna\u017e\u00edm dr\u017eet z\u00e1sady: &#8222;D\u011bti jsou p\u0159i focen\u00ed par\u0165\u00e1ci.&#8220; Pak si focen\u00ed u\u017e\u00edvaj\u00ed ob\u011b strany a v\u00fdsledek stoj\u00ed za to. P\u0159i focen\u00ed t\u011bch \u00fapln\u011b nejmen\u0161\u00edch jde samoz\u0159ejm\u011b z\u00e1sada trochu do pozad\u00ed a par\u0165\u00e1kem jsou rodi\u010de, kte\u0159\u00ed c\u00edt\u00ed co se miminku l\u00edb\u00ed. Pak jsem fotografem ne miminka, ale pr\u00e1v\u011b pocit\u016f.&nbsp;&nbsp; &nbsp; &hellip; Pokra\u010dovat ve \u010dten\u00ed &quot;D\u011btsk\u00e1 fotografie&quot;\" \/>\n<meta property=\"og:url\" content=\"https:\/\/www.petrmudrak.photo\/index.php\/vitejte-na-strankach-venovanych-fotografii\/detska-fotografie\/\" \/>\n<meta property=\"og:site_name\" content=\"Petr Mudr\u00e1k\" \/>\n<meta property=\"article:publisher\" content=\"http:\/\/www.facebook.com\/fotopetrmudrak\" \/>\n<meta name=\"twitter:label1\" content=\"Odhadovan\u00e1 doba \u010dten\u00ed\" \/>\n\t<meta name=\"twitter:data1\" content=\"1 minuta\" \/>\n<script type=\"application\/ld+json\" class=\"yoast-schema-graph\">{\"@context\":\"https:\\\/\\\/schema.org\",\"@graph\":[{\"@type\":\"WebPage\",\"@id\":\"https:\\\/\\\/www.petrmudrak.photo\\\/index.php\\\/vitejte-na-strankach-venovanych-fotografii\\\/detska-fotografie\\\/\",\"url\":\"https:\\\/\\\/www.petrmudrak.photo\\\/index.php\\\/vitejte-na-strankach-venovanych-fotografii\\\/detska-fotografie\\\/\",\"name\":\"D\u011btsk\u00e1 fotografie - Petr Mudr\u00e1k\",\"isPartOf\":{\"@id\":\"https:\\\/\\\/www.petrmudrak.photo\\\/#website\"},\"datePublished\":\"2017-12-26T17:35:17+00:00\",\"breadcrumb\":{\"@id\":\"https:\\\/\\\/www.petrmudrak.photo\\\/index.php\\\/vitejte-na-strankach-venovanych-fotografii\\\/detska-fotografie\\\/#breadcrumb\"},\"inLanguage\":\"cs\",\"potentialAction\":[{\"@type\":\"ReadAction\",\"target\":[\"https:\\\/\\\/www.petrmudrak.photo\\\/index.php\\\/vitejte-na-strankach-venovanych-fotografii\\\/detska-fotografie\\\/\"]}]},{\"@type\":\"BreadcrumbList\",\"@id\":\"https:\\\/\\\/www.petrmudrak.photo\\\/index.php\\\/vitejte-na-strankach-venovanych-fotografii\\\/detska-fotografie\\\/#breadcrumb\",\"itemListElement\":[{\"@type\":\"ListItem\",\"position\":1,\"name\":\"Dom\u016f\",\"item\":\"https:\\\/\\\/www.petrmudrak.photo\\\/\"},{\"@type\":\"ListItem\",\"position\":2,\"name\":\"Uk\u00e1zkov\u00e9 galerie\",\"item\":\"https:\\\/\\\/www.petrmudrak.photo\\\/index.php\\\/vitejte-na-strankach-venovanych-fotografii\\\/\"},{\"@type\":\"ListItem\",\"position\":3,\"name\":\"D\u011btsk\u00e1 fotografie\"}]},{\"@type\":\"WebSite\",\"@id\":\"https:\\\/\\\/www.petrmudrak.photo\\\/#website\",\"url\":\"https:\\\/\\\/www.petrmudrak.photo\\\/\",\"name\":\"Petr Mudr\u00e1k\",\"description\":\"fotograf\",\"publisher\":{\"@id\":\"https:\\\/\\\/www.petrmudrak.photo\\\/#organization\"},\"potentialAction\":[{\"@type\":\"SearchAction\",\"target\":{\"@type\":\"EntryPoint\",\"urlTemplate\":\"https:\\\/\\\/www.petrmudrak.photo\\\/?s={search_term_string}\"},\"query-input\":{\"@type\":\"PropertyValueSpecification\",\"valueRequired\":true,\"valueName\":\"search_term_string\"}}],\"inLanguage\":\"cs\"},{\"@type\":\"Organization\",\"@id\":\"https:\\\/\\\/www.petrmudrak.photo\\\/#organization\",\"name\":\"Petr Mudr\u00e1k - fotograf\",\"url\":\"https:\\\/\\\/www.petrmudrak.photo\\\/\",\"logo\":{\"@type\":\"ImageObject\",\"inLanguage\":\"cs\",\"@id\":\"https:\\\/\\\/www.petrmudrak.photo\\\/#\\\/schema\\\/logo\\\/image\\\/\",\"url\":\"https:\\\/\\\/www.petrmudrak.photo\\\/wp-content\\\/uploads\\\/2017\\\/12\\\/Pozad\u00ed-objektiv.jpg\",\"contentUrl\":\"https:\\\/\\\/www.petrmudrak.photo\\\/wp-content\\\/uploads\\\/2017\\\/12\\\/Pozad\u00ed-objektiv.jpg\",\"width\":1600,\"height\":1005,\"caption\":\"Petr Mudr\u00e1k - fotograf\"},\"image\":{\"@id\":\"https:\\\/\\\/www.petrmudrak.photo\\\/#\\\/schema\\\/logo\\\/image\\\/\"},\"sameAs\":[\"http:\\\/\\\/www.facebook.com\\\/fotopetrmudrak\"]}]}<\/script>\n<!-- \/ Yoast SEO plugin. -->","yoast_head_json":{"title":"D\u011btsk\u00e1 fotografie - Petr Mudr\u00e1k","robots":{"index":"index","follow":"follow","max-snippet":"max-snippet:-1","max-image-preview":"max-image-preview:large","max-video-preview":"max-video-preview:-1"},"canonical":"https:\/\/www.petrmudrak.photo\/index.php\/vitejte-na-strankach-venovanych-fotografii\/detska-fotografie\/","og_locale":"cs_CZ","og_type":"article","og_title":"D\u011btsk\u00e1 fotografie - Petr Mudr\u00e1k","og_description":"D\u011btsk\u00e1 fotografie P\u0159i focen\u00ed&nbsp; d\u011bt\u00ed se sna\u017e\u00edm dr\u017eet z\u00e1sady: &#8222;D\u011bti jsou p\u0159i focen\u00ed par\u0165\u00e1ci.&#8220; Pak si focen\u00ed u\u017e\u00edvaj\u00ed ob\u011b strany a v\u00fdsledek stoj\u00ed za to. P\u0159i focen\u00ed t\u011bch \u00fapln\u011b nejmen\u0161\u00edch jde samoz\u0159ejm\u011b z\u00e1sada trochu do pozad\u00ed a par\u0165\u00e1kem jsou rodi\u010de, kte\u0159\u00ed c\u00edt\u00ed co se miminku l\u00edb\u00ed. Pak jsem fotografem ne miminka, ale pr\u00e1v\u011b pocit\u016f.&nbsp;&nbsp; &nbsp; &hellip; Pokra\u010dovat ve \u010dten\u00ed \"D\u011btsk\u00e1 fotografie\"","og_url":"https:\/\/www.petrmudrak.photo\/index.php\/vitejte-na-strankach-venovanych-fotografii\/detska-fotografie\/","og_site_name":"Petr Mudr\u00e1k","article_publisher":"http:\/\/www.facebook.com\/fotopetrmudrak","twitter_misc":{"Odhadovan\u00e1 doba \u010dten\u00ed":"1 minuta"},"schema":{"@context":"https:\/\/schema.org","@graph":[{"@type":"WebPage","@id":"https:\/\/www.petrmudrak.photo\/index.php\/vitejte-na-strankach-venovanych-fotografii\/detska-fotografie\/","url":"https:\/\/www.petrmudrak.photo\/index.php\/vitejte-na-strankach-venovanych-fotografii\/detska-fotografie\/","name":"D\u011btsk\u00e1 fotografie - Petr Mudr\u00e1k","isPartOf":{"@id":"https:\/\/www.petrmudrak.photo\/#website"},"datePublished":"2017-12-26T17:35:17+00:00","breadcrumb":{"@id":"https:\/\/www.petrmudrak.photo\/index.php\/vitejte-na-strankach-venovanych-fotografii\/detska-fotografie\/#breadcrumb"},"inLanguage":"cs","potentialAction":[{"@type":"ReadAction","target":["https:\/\/www.petrmudrak.photo\/index.php\/vitejte-na-strankach-venovanych-fotografii\/detska-fotografie\/"]}]},{"@type":"BreadcrumbList","@id":"https:\/\/www.petrmudrak.photo\/index.php\/vitejte-na-strankach-venovanych-fotografii\/detska-fotografie\/#breadcrumb","itemListElement":[{"@type":"ListItem","position":1,"name":"Dom\u016f","item":"https:\/\/www.petrmudrak.photo\/"},{"@type":"ListItem","position":2,"name":"Uk\u00e1zkov\u00e9 galerie","item":"https:\/\/www.petrmudrak.photo\/index.php\/vitejte-na-strankach-venovanych-fotografii\/"},{"@type":"ListItem","position":3,"name":"D\u011btsk\u00e1 fotografie"}]},{"@type":"WebSite","@id":"https:\/\/www.petrmudrak.photo\/#website","url":"https:\/\/www.petrmudrak.photo\/","name":"Petr Mudr\u00e1k","description":"fotograf","publisher":{"@id":"https:\/\/www.petrmudrak.photo\/#organization"},"potentialAction":[{"@type":"SearchAction","target":{"@type":"EntryPoint","urlTemplate":"https:\/\/www.petrmudrak.photo\/?s={search_term_string}"},"query-input":{"@type":"PropertyValueSpecification","valueRequired":true,"valueName":"search_term_string"}}],"inLanguage":"cs"},{"@type":"Organization","@id":"https:\/\/www.petrmudrak.photo\/#organization","name":"Petr Mudr\u00e1k - fotograf","url":"https:\/\/www.petrmudrak.photo\/","logo":{"@type":"ImageObject","inLanguage":"cs","@id":"https:\/\/www.petrmudrak.photo\/#\/schema\/logo\/image\/","url":"https:\/\/www.petrmudrak.photo\/wp-content\/uploads\/2017\/12\/Pozad\u00ed-objektiv.jpg","contentUrl":"https:\/\/www.petrmudrak.photo\/wp-content\/uploads\/2017\/12\/Pozad\u00ed-objektiv.jpg","width":1600,"height":1005,"caption":"Petr Mudr\u00e1k - fotograf"},"image":{"@id":"https:\/\/www.petrmudrak.photo\/#\/schema\/logo\/image\/"},"sameAs":["http:\/\/www.facebook.com\/fotopetrmudrak"]}]}},"_links":{"self":[{"href":"https:\/\/www.petrmudrak.photo\/index.php\/wp-json\/wp\/v2\/pages\/171","targetHints":{"allow":["GET"]}}],"collection":[{"href":"https:\/\/www.petrmudrak.photo\/index.php\/wp-json\/wp\/v2\/pages"}],"about":[{"href":"https:\/\/www.petrmudrak.photo\/index.php\/wp-json\/wp\/v2\/types\/page"}],"author":[{"embeddable":true,"href":"https:\/\/www.petrmudrak.photo\/index.php\/wp-json\/wp\/v2\/users\/1"}],"replies":[{"embeddable":true,"href":"https:\/\/www.petrmudrak.photo\/index.php\/wp-json\/wp\/v2\/comments?post=171"}],"version-history":[{"count":12,"href":"https:\/\/www.petrmudrak.photo\/index.php\/wp-json\/wp\/v2\/pages\/171\/revisions"}],"predecessor-version":[{"id":288,"href":"https:\/\/www.petrmudrak.photo\/index.php\/wp-json\/wp\/v2\/pages\/171\/revisions\/288"}],"up":[{"embeddable":true,"href":"https:\/\/www.petrmudrak.photo\/index.php\/wp-json\/wp\/v2\/pages\/217"}],"wp:attachment":[{"href":"https:\/\/www.petrmudrak.photo\/index.php\/wp-json\/wp\/v2\/media?parent=171"}],"curies":[{"name":"wp","href":"https:\/\/api.w.org\/{rel}","templated":true}]}}