{"id":1047,"date":"2020-02-13T12:40:59","date_gmt":"2020-02-13T11:40:59","guid":{"rendered":"https:\/\/www.petrmudrak.photo\/?page_id=1047"},"modified":"2023-01-16T19:26:51","modified_gmt":"2023-01-16T18:26:51","slug":"svatebni-fotografie","status":"publish","type":"page","link":"https:\/\/www.petrmudrak.photo\/index.php\/kontakt\/sluzby-a-ceny\/svatebni-fotografie\/","title":{"rendered":"Svatebn\u00ed fotografie"},"content":{"rendered":"\n<h3 class=\"wp-block-heading\"><\/h3>\n\n\n\n<p><\/p>\n\n\n\n<h4 class=\"wp-block-heading\"><strong>V<\/strong><strong>arianta 1 &#8211; z\u00e1kladn\u00ed focen\u00ed:&nbsp;<\/strong><\/h4>\n\n\n\n<ul class=\"wp-block-list\">\n<li>Doba focen\u00ed cca 2-3 hodiny<\/li>\n\n\n\n<li>Focen\u00ed p\u0159\u00edchodu\/p\u0159\u00edjezdu na m\u00edsto ob\u0159adu, vystupov\u00e1n\u00ed apod.<\/li>\n\n\n\n<li>Focen\u00ed cel\u00e9ho ob\u0159adu.<\/li>\n\n\n\n<li>Spole\u010dn\u00e9 focen\u00ed po ob\u0159adu a focen\u00ed portr\u00e9t\u016f v bl\u00edzk\u00e9m m\u00edst\u011b.<\/li>\n<\/ul>\n\n\n\n<h5 class=\"wp-block-heading\">V cen\u011b focen\u00ed je:<\/h5>\n\n\n\n<ul class=\"wp-block-list\">\n<li>15 ks fotografi\u00ed form\u00e1tu 13&#215;18 cm. V p\u0159\u00edpad\u011b Va\u0161eho z\u00e1jmu o jin\u00fd form\u00e1t tisku (obraz, pl\u00e1tno, fotokniha) s V\u00e1mi r\u00e1d dohodnu ekvivalent.<\/li>\n\n\n\n<li>USB Flash s cca 100 upraven\u00fdmi fotografiemi. \u00daprava zahrnuje retu\u0161 drobnost\u00ed a dle po\u017eadavk\u016f p\u0159evod do \u010dernob\u00edl\u00e9 a\/nebo kolorovan\u00e9 fotografie.<\/li>\n\n\n\n<li>Webov\u00e9 fotoalbum 6-ti m\u011bs\u00edc\u016f s chr\u00e1n\u011bn\u00fdm p\u0159\u00edstupem.&nbsp;<\/li>\n<\/ul>\n\n\n\n<p><strong>cena: 5900,- K\u010d<\/strong><\/p>\n\n\n\n<h4 class=\"wp-block-heading\"><strong>Varianta 2 &#8211; roz\u0161\u00ed\u0159en\u00e9 focen\u00ed:<\/strong><\/h4>\n\n\n\n<ul class=\"wp-block-list\">\n<li>Doba focen\u00ed cca 4-5 hodin<\/li>\n\n\n\n<li>Focen\u00ed p\u0159\u00edprav svatby nebo svatebn\u00ed hostiny dle Va\u0161\u00ed volby &#8211; ka\u017ed\u00e9 max. 2 hodiny<\/li>\n\n\n\n<li>Focen\u00ed p\u0159\u00edchodu\/p\u0159\u00edjezdu na m\u00edsto, vystupov\u00e1n\u00ed apod.<\/li>\n\n\n\n<li>Focen\u00ed cel\u00e9ho ob\u0159adu.<\/li>\n\n\n\n<li>Spole\u010dn\u00e9 focen\u00ed po ob\u0159adu a focen\u00ed portr\u00e9t\u016f v bl\u00edzk\u00e9m m\u00edst\u011b.<\/li>\n<\/ul>\n\n\n\n<h5 class=\"wp-block-heading\">V cen\u011b focen\u00ed je:<\/h5>\n\n\n\n<ul class=\"wp-block-list\">\n<li>30 ks fotografi\u00ed form\u00e1tu 13&#215;18 cm.&nbsp; V p\u0159\u00edpad\u011b Va\u0161eho z\u00e1jmu o jin\u00fd form\u00e1t tisku (obraz, pl\u00e1tno, fotokniha) s V\u00e1mi r\u00e1d dohodnu ekvivalent.<\/li>\n\n\n\n<li>USB Flash s cca 150 upraven\u00fdmi fotografiemi. \u00daprava zahrnuje retu\u0161 drobnost\u00ed a dle po\u017eadavk\u016f p\u0159evod do \u010dernob\u00edl\u00e9 a\/nebo kolorovan\u00e9 fotografie.<\/li>\n\n\n\n<li>Webov\u00e9 fotoalbum&nbsp; 6-ti m\u011bs\u00edc\u016f s chr\u00e1n\u011bn\u00fdm p\u0159\u00edstupem.&nbsp;<\/li>\n<\/ul>\n\n\n\n<p><strong>cena: 8900,- K\u010d<\/strong><\/p>\n\n\n\n<h4 class=\"wp-block-heading\"><strong>Varianta 3 &#8211; cel\u00fd den:<\/strong><\/h4>\n\n\n\n<ul class=\"wp-block-list\">\n<li>Doba focen\u00ed cca 8 hodin<\/li>\n\n\n\n<li>Focen\u00ed p\u0159\u00edprav svatby<\/li>\n\n\n\n<li>Focen\u00ed p\u0159\u00edchodu\/p\u0159\u00edjezdu na m\u00edsto, vystupov\u00e1n\u00ed apod.<\/li>\n\n\n\n<li>Focen\u00ed cel\u00e9ho ob\u0159adu.<\/li>\n\n\n\n<li>Spole\u010dn\u00e9 focen\u00ed po ob\u0159adu a focen\u00ed portr\u00e9t\u016f v bl\u00edzk\u00e9m m\u00edst\u011b.<\/li>\n\n\n\n<li>Focen\u00ed svatebn\u00ed hostiny, spole\u010dn\u00e9ho tance a momentek ze z\u00e1bavy.<\/li>\n<\/ul>\n\n\n\n<h5 class=\"wp-block-heading\">V cen\u011b focen\u00ed je:<\/h5>\n\n\n\n<ul class=\"wp-block-list\">\n<li>60 ks&nbsp;fotografi\u00ed form\u00e1tu 13&#215;18 cm.&nbsp; V p\u0159\u00edpad\u011b Va\u0161eho z\u00e1jmu o jin\u00fd form\u00e1t tisku (obraz, pl\u00e1tno, fotokniha) s V\u00e1mi r\u00e1d dohodnu ekvivalent.<\/li>\n\n\n\n<li>USB Flash s cca 250\u00a0upraven\u00fdmi fotografiemi. \u00daprava zahrnuje retu\u0161 drobnost\u00ed a dle po\u017eadavk\u016f p\u0159evod do \u010dernob\u00edl\u00e9 a\/nebo kolorovan\u00e9 fotografie.<\/li>\n\n\n\n<li>Webov\u00e9 fotoalbum 6-ti m\u011bs\u00edc\u016f s chr\u00e1n\u011bn\u00fdm p\u0159\u00edstupem.&nbsp;<\/li>\n<\/ul>\n\n\n\n<p><strong>cena: 15000,- K\u010d<\/strong><\/p>\n\n\n\n<p>Ceny jsou p\u0159i focen\u00ed v Plzni a okol\u00ed do 15 km. P\u0159i del\u0161\u00edm dojezdu je pak cena dopravn\u00e9ho 8,- K\u010d\/km <\/p>\n\n\n\n<p><\/p>\n","protected":false},"excerpt":{"rendered":"<p>Varianta 1 &#8211; z\u00e1kladn\u00ed focen\u00ed:&nbsp; V cen\u011b focen\u00ed je: cena: 5900,- K\u010d Varianta 2 &#8211; roz\u0161\u00ed\u0159en\u00e9 focen\u00ed: V cen\u011b focen\u00ed je: cena: 8900,- K\u010d Varianta 3 &#8211; cel\u00fd den: V cen\u011b focen\u00ed je: cena: 15000,- K\u010d Ceny jsou p\u0159i focen\u00ed v Plzni a okol\u00ed do 15 km. P\u0159i del\u0161\u00edm dojezdu je pak cena dopravn\u00e9ho 8,- &hellip; <\/p>\n<p class=\"link-more\"><a href=\"https:\/\/www.petrmudrak.photo\/index.php\/kontakt\/sluzby-a-ceny\/svatebni-fotografie\/\" class=\"more-link\">Pokra\u010dovat ve \u010dten\u00ed<span class=\"screen-reader-text\"> &#8222;Svatebn\u00ed fotografie&#8220;<\/span><\/a><\/p>\n","protected":false},"author":1,"featured_media":0,"parent":675,"menu_order":0,"comment_status":"closed","ping_status":"closed","template":"","meta":{"ngg_post_thumbnail":0,"footnotes":""},"class_list":["post-1047","page","type-page","status-publish","hentry"],"yoast_head":"<!-- This site is optimized with the Yoast SEO plugin v27.4 - https:\/\/yoast.com\/product\/yoast-seo-wordpress\/ -->\n<title>Svatebn\u00ed fotografie - Petr Mudr\u00e1k<\/title>\n<meta name=\"robots\" content=\"index, follow, max-snippet:-1, max-image-preview:large, max-video-preview:-1\" \/>\n<link rel=\"canonical\" href=\"https:\/\/www.petrmudrak.photo\/index.php\/kontakt\/sluzby-a-ceny\/svatebni-fotografie\/\" \/>\n<meta property=\"og:locale\" content=\"cs_CZ\" \/>\n<meta property=\"og:type\" content=\"article\" \/>\n<meta property=\"og:title\" content=\"Svatebn\u00ed fotografie - Petr Mudr\u00e1k\" \/>\n<meta property=\"og:description\" content=\"Varianta 1 &#8211; z\u00e1kladn\u00ed focen\u00ed:&nbsp; V cen\u011b focen\u00ed je: cena: 5900,- K\u010d Varianta 2 &#8211; roz\u0161\u00ed\u0159en\u00e9 focen\u00ed: V cen\u011b focen\u00ed je: cena: 8900,- K\u010d Varianta 3 &#8211; cel\u00fd den: V cen\u011b focen\u00ed je: cena: 15000,- K\u010d Ceny jsou p\u0159i focen\u00ed v Plzni a okol\u00ed do 15 km. P\u0159i del\u0161\u00edm dojezdu je pak cena dopravn\u00e9ho 8,- &hellip; Pokra\u010dovat ve \u010dten\u00ed &quot;Svatebn\u00ed fotografie&quot;\" \/>\n<meta property=\"og:url\" content=\"https:\/\/www.petrmudrak.photo\/index.php\/kontakt\/sluzby-a-ceny\/svatebni-fotografie\/\" \/>\n<meta property=\"og:site_name\" content=\"Petr Mudr\u00e1k\" \/>\n<meta property=\"article:publisher\" content=\"http:\/\/www.facebook.com\/fotopetrmudrak\" \/>\n<meta property=\"article:modified_time\" content=\"2023-01-16T18:26:51+00:00\" \/>\n<meta name=\"twitter:label1\" content=\"Odhadovan\u00e1 doba \u010dten\u00ed\" \/>\n\t<meta name=\"twitter:data1\" content=\"2 minuty\" \/>\n<script type=\"application\/ld+json\" class=\"yoast-schema-graph\">{\"@context\":\"https:\\\/\\\/schema.org\",\"@graph\":[{\"@type\":\"WebPage\",\"@id\":\"https:\\\/\\\/www.petrmudrak.photo\\\/index.php\\\/kontakt\\\/sluzby-a-ceny\\\/svatebni-fotografie\\\/\",\"url\":\"https:\\\/\\\/www.petrmudrak.photo\\\/index.php\\\/kontakt\\\/sluzby-a-ceny\\\/svatebni-fotografie\\\/\",\"name\":\"Svatebn\u00ed fotografie - Petr Mudr\u00e1k\",\"isPartOf\":{\"@id\":\"https:\\\/\\\/www.petrmudrak.photo\\\/#website\"},\"datePublished\":\"2020-02-13T11:40:59+00:00\",\"dateModified\":\"2023-01-16T18:26:51+00:00\",\"breadcrumb\":{\"@id\":\"https:\\\/\\\/www.petrmudrak.photo\\\/index.php\\\/kontakt\\\/sluzby-a-ceny\\\/svatebni-fotografie\\\/#breadcrumb\"},\"inLanguage\":\"cs\",\"potentialAction\":[{\"@type\":\"ReadAction\",\"target\":[\"https:\\\/\\\/www.petrmudrak.photo\\\/index.php\\\/kontakt\\\/sluzby-a-ceny\\\/svatebni-fotografie\\\/\"]}]},{\"@type\":\"BreadcrumbList\",\"@id\":\"https:\\\/\\\/www.petrmudrak.photo\\\/index.php\\\/kontakt\\\/sluzby-a-ceny\\\/svatebni-fotografie\\\/#breadcrumb\",\"itemListElement\":[{\"@type\":\"ListItem\",\"position\":1,\"name\":\"Dom\u016f\",\"item\":\"https:\\\/\\\/www.petrmudrak.photo\\\/\"},{\"@type\":\"ListItem\",\"position\":2,\"name\":\"Kontakty\",\"item\":\"https:\\\/\\\/www.petrmudrak.photo\\\/index.php\\\/kontakt\\\/\"},{\"@type\":\"ListItem\",\"position\":3,\"name\":\"Slu\u017eby a ceny\",\"item\":\"https:\\\/\\\/www.petrmudrak.photo\\\/index.php\\\/kontakt\\\/sluzby-a-ceny\\\/\"},{\"@type\":\"ListItem\",\"position\":4,\"name\":\"Svatebn\u00ed fotografie\"}]},{\"@type\":\"WebSite\",\"@id\":\"https:\\\/\\\/www.petrmudrak.photo\\\/#website\",\"url\":\"https:\\\/\\\/www.petrmudrak.photo\\\/\",\"name\":\"Petr Mudr\u00e1k\",\"description\":\"fotograf\",\"publisher\":{\"@id\":\"https:\\\/\\\/www.petrmudrak.photo\\\/#organization\"},\"potentialAction\":[{\"@type\":\"SearchAction\",\"target\":{\"@type\":\"EntryPoint\",\"urlTemplate\":\"https:\\\/\\\/www.petrmudrak.photo\\\/?s={search_term_string}\"},\"query-input\":{\"@type\":\"PropertyValueSpecification\",\"valueRequired\":true,\"valueName\":\"search_term_string\"}}],\"inLanguage\":\"cs\"},{\"@type\":\"Organization\",\"@id\":\"https:\\\/\\\/www.petrmudrak.photo\\\/#organization\",\"name\":\"Petr Mudr\u00e1k - fotograf\",\"url\":\"https:\\\/\\\/www.petrmudrak.photo\\\/\",\"logo\":{\"@type\":\"ImageObject\",\"inLanguage\":\"cs\",\"@id\":\"https:\\\/\\\/www.petrmudrak.photo\\\/#\\\/schema\\\/logo\\\/image\\\/\",\"url\":\"https:\\\/\\\/www.petrmudrak.photo\\\/wp-content\\\/uploads\\\/2017\\\/12\\\/Pozad\u00ed-objektiv.jpg\",\"contentUrl\":\"https:\\\/\\\/www.petrmudrak.photo\\\/wp-content\\\/uploads\\\/2017\\\/12\\\/Pozad\u00ed-objektiv.jpg\",\"width\":1600,\"height\":1005,\"caption\":\"Petr Mudr\u00e1k - fotograf\"},\"image\":{\"@id\":\"https:\\\/\\\/www.petrmudrak.photo\\\/#\\\/schema\\\/logo\\\/image\\\/\"},\"sameAs\":[\"http:\\\/\\\/www.facebook.com\\\/fotopetrmudrak\"]}]}<\/script>\n<!-- \/ Yoast SEO plugin. -->","yoast_head_json":{"title":"Svatebn\u00ed fotografie - Petr Mudr\u00e1k","robots":{"index":"index","follow":"follow","max-snippet":"max-snippet:-1","max-image-preview":"max-image-preview:large","max-video-preview":"max-video-preview:-1"},"canonical":"https:\/\/www.petrmudrak.photo\/index.php\/kontakt\/sluzby-a-ceny\/svatebni-fotografie\/","og_locale":"cs_CZ","og_type":"article","og_title":"Svatebn\u00ed fotografie - Petr Mudr\u00e1k","og_description":"Varianta 1 &#8211; z\u00e1kladn\u00ed focen\u00ed:&nbsp; V cen\u011b focen\u00ed je: cena: 5900,- K\u010d Varianta 2 &#8211; roz\u0161\u00ed\u0159en\u00e9 focen\u00ed: V cen\u011b focen\u00ed je: cena: 8900,- K\u010d Varianta 3 &#8211; cel\u00fd den: V cen\u011b focen\u00ed je: cena: 15000,- K\u010d Ceny jsou p\u0159i focen\u00ed v Plzni a okol\u00ed do 15 km. P\u0159i del\u0161\u00edm dojezdu je pak cena dopravn\u00e9ho 8,- &hellip; Pokra\u010dovat ve \u010dten\u00ed \"Svatebn\u00ed fotografie\"","og_url":"https:\/\/www.petrmudrak.photo\/index.php\/kontakt\/sluzby-a-ceny\/svatebni-fotografie\/","og_site_name":"Petr Mudr\u00e1k","article_publisher":"http:\/\/www.facebook.com\/fotopetrmudrak","article_modified_time":"2023-01-16T18:26:51+00:00","twitter_misc":{"Odhadovan\u00e1 doba \u010dten\u00ed":"2 minuty"},"schema":{"@context":"https:\/\/schema.org","@graph":[{"@type":"WebPage","@id":"https:\/\/www.petrmudrak.photo\/index.php\/kontakt\/sluzby-a-ceny\/svatebni-fotografie\/","url":"https:\/\/www.petrmudrak.photo\/index.php\/kontakt\/sluzby-a-ceny\/svatebni-fotografie\/","name":"Svatebn\u00ed fotografie - Petr Mudr\u00e1k","isPartOf":{"@id":"https:\/\/www.petrmudrak.photo\/#website"},"datePublished":"2020-02-13T11:40:59+00:00","dateModified":"2023-01-16T18:26:51+00:00","breadcrumb":{"@id":"https:\/\/www.petrmudrak.photo\/index.php\/kontakt\/sluzby-a-ceny\/svatebni-fotografie\/#breadcrumb"},"inLanguage":"cs","potentialAction":[{"@type":"ReadAction","target":["https:\/\/www.petrmudrak.photo\/index.php\/kontakt\/sluzby-a-ceny\/svatebni-fotografie\/"]}]},{"@type":"BreadcrumbList","@id":"https:\/\/www.petrmudrak.photo\/index.php\/kontakt\/sluzby-a-ceny\/svatebni-fotografie\/#breadcrumb","itemListElement":[{"@type":"ListItem","position":1,"name":"Dom\u016f","item":"https:\/\/www.petrmudrak.photo\/"},{"@type":"ListItem","position":2,"name":"Kontakty","item":"https:\/\/www.petrmudrak.photo\/index.php\/kontakt\/"},{"@type":"ListItem","position":3,"name":"Slu\u017eby a ceny","item":"https:\/\/www.petrmudrak.photo\/index.php\/kontakt\/sluzby-a-ceny\/"},{"@type":"ListItem","position":4,"name":"Svatebn\u00ed fotografie"}]},{"@type":"WebSite","@id":"https:\/\/www.petrmudrak.photo\/#website","url":"https:\/\/www.petrmudrak.photo\/","name":"Petr Mudr\u00e1k","description":"fotograf","publisher":{"@id":"https:\/\/www.petrmudrak.photo\/#organization"},"potentialAction":[{"@type":"SearchAction","target":{"@type":"EntryPoint","urlTemplate":"https:\/\/www.petrmudrak.photo\/?s={search_term_string}"},"query-input":{"@type":"PropertyValueSpecification","valueRequired":true,"valueName":"search_term_string"}}],"inLanguage":"cs"},{"@type":"Organization","@id":"https:\/\/www.petrmudrak.photo\/#organization","name":"Petr Mudr\u00e1k - fotograf","url":"https:\/\/www.petrmudrak.photo\/","logo":{"@type":"ImageObject","inLanguage":"cs","@id":"https:\/\/www.petrmudrak.photo\/#\/schema\/logo\/image\/","url":"https:\/\/www.petrmudrak.photo\/wp-content\/uploads\/2017\/12\/Pozad\u00ed-objektiv.jpg","contentUrl":"https:\/\/www.petrmudrak.photo\/wp-content\/uploads\/2017\/12\/Pozad\u00ed-objektiv.jpg","width":1600,"height":1005,"caption":"Petr Mudr\u00e1k - fotograf"},"image":{"@id":"https:\/\/www.petrmudrak.photo\/#\/schema\/logo\/image\/"},"sameAs":["http:\/\/www.facebook.com\/fotopetrmudrak"]}]}},"_links":{"self":[{"href":"https:\/\/www.petrmudrak.photo\/index.php\/wp-json\/wp\/v2\/pages\/1047","targetHints":{"allow":["GET"]}}],"collection":[{"href":"https:\/\/www.petrmudrak.photo\/index.php\/wp-json\/wp\/v2\/pages"}],"about":[{"href":"https:\/\/www.petrmudrak.photo\/index.php\/wp-json\/wp\/v2\/types\/page"}],"author":[{"embeddable":true,"href":"https:\/\/www.petrmudrak.photo\/index.php\/wp-json\/wp\/v2\/users\/1"}],"replies":[{"embeddable":true,"href":"https:\/\/www.petrmudrak.photo\/index.php\/wp-json\/wp\/v2\/comments?post=1047"}],"version-history":[{"count":6,"href":"https:\/\/www.petrmudrak.photo\/index.php\/wp-json\/wp\/v2\/pages\/1047\/revisions"}],"predecessor-version":[{"id":1343,"href":"https:\/\/www.petrmudrak.photo\/index.php\/wp-json\/wp\/v2\/pages\/1047\/revisions\/1343"}],"up":[{"embeddable":true,"href":"https:\/\/www.petrmudrak.photo\/index.php\/wp-json\/wp\/v2\/pages\/675"}],"wp:attachment":[{"href":"https:\/\/www.petrmudrak.photo\/index.php\/wp-json\/wp\/v2\/media?parent=1047"}],"curies":[{"name":"wp","href":"https:\/\/api.w.org\/{rel}","templated":true}]}}