{"id":104,"date":"2017-12-25T16:18:25","date_gmt":"2017-12-25T16:18:25","guid":{"rendered":"http:\/\/www.petrmudrak.photo\/?page_id=104"},"modified":"2022-10-17T09:50:52","modified_gmt":"2022-10-17T08:50:52","slug":"svatebni-fotografie","status":"publish","type":"page","link":"https:\/\/www.petrmudrak.photo\/index.php\/vitejte-na-strankach-venovanych-fotografii\/svatebni-fotografie\/","title":{"rendered":"Svatebn\u00ed fotografie"},"content":{"rendered":"<p>Svatebn\u00ed fotografie je specifick\u00fd druh fotografie, na jednu stranu je pot\u0159eba b\u00fdt pohotov\u00fd, ale na druhou stranu vn\u00edmav\u00fd na pocity v\u0161ech kdo se svatby \u00fa\u010dastn\u00ed.<\/p>\n<p>Va\u0161e p\u0159\u00e1n\u00ed focen\u00ed svatby s V\u00e1mi v\u017edy nejprve podrobn\u011b projdu, Va\u0161e p\u0159edstavy o m\u00edst\u011b, denn\u00ed dob\u011b focen\u00ed, po\u010dtu svateb\u010dan\u016f. M\u00edsto focen\u00ed, pokud je to alespo\u0148 trochu mo\u017en\u00e9, nav\u0161t\u00edv\u00edm je\u0161t\u011b p\u0159ed focen\u00edm, abych V\u00e1m dok\u00e1zal poradit a tak\u00e9 aby nebylo focen\u00ed nudn\u00e9 a zdlouhav\u00e9.&nbsp;<\/p>\n<h2><strong><a href=\"https:\/\/petrmudrak.photo\/svatby\/\">Uk\u00e1zku svatebn\u00edch fotografi\u00ed naleznete v t\u00e9to galerii.<\/a>&nbsp;<\/strong><\/h2>\n","protected":false},"excerpt":{"rendered":"<p>Svatebn\u00ed fotografie je specifick\u00fd druh fotografie, na jednu stranu je pot\u0159eba b\u00fdt pohotov\u00fd, ale na druhou stranu vn\u00edmav\u00fd na pocity v\u0161ech kdo se svatby \u00fa\u010dastn\u00ed. Va\u0161e p\u0159\u00e1n\u00ed focen\u00ed svatby s V\u00e1mi v\u017edy nejprve podrobn\u011b projdu, Va\u0161e p\u0159edstavy o m\u00edst\u011b, denn\u00ed dob\u011b focen\u00ed, po\u010dtu svateb\u010dan\u016f. M\u00edsto focen\u00ed, pokud je to alespo\u0148 trochu mo\u017en\u00e9, nav\u0161t\u00edv\u00edm je\u0161t\u011b p\u0159ed &hellip; <\/p>\n<p class=\"link-more\"><a href=\"https:\/\/www.petrmudrak.photo\/index.php\/vitejte-na-strankach-venovanych-fotografii\/svatebni-fotografie\/\" class=\"more-link\">Pokra\u010dovat ve \u010dten\u00ed<span class=\"screen-reader-text\"> &#8222;Svatebn\u00ed fotografie&#8220;<\/span><\/a><\/p>\n","protected":false},"author":1,"featured_media":0,"parent":217,"menu_order":0,"comment_status":"closed","ping_status":"closed","template":"","meta":{"ngg_post_thumbnail":0,"footnotes":""},"class_list":["post-104","page","type-page","status-publish","hentry"],"yoast_head":"<!-- This site is optimized with the Yoast SEO plugin v27.4 - https:\/\/yoast.com\/product\/yoast-seo-wordpress\/ -->\n<title>Svatebn\u00ed fotografie - Petr Mudr\u00e1k<\/title>\n<meta name=\"robots\" content=\"index, follow, max-snippet:-1, max-image-preview:large, max-video-preview:-1\" \/>\n<link rel=\"canonical\" href=\"https:\/\/www.petrmudrak.photo\/index.php\/vitejte-na-strankach-venovanych-fotografii\/svatebni-fotografie\/\" \/>\n<meta property=\"og:locale\" content=\"cs_CZ\" \/>\n<meta property=\"og:type\" content=\"article\" \/>\n<meta property=\"og:title\" content=\"Svatebn\u00ed fotografie - Petr Mudr\u00e1k\" \/>\n<meta property=\"og:description\" content=\"Svatebn\u00ed fotografie je specifick\u00fd druh fotografie, na jednu stranu je pot\u0159eba b\u00fdt pohotov\u00fd, ale na druhou stranu vn\u00edmav\u00fd na pocity v\u0161ech kdo se svatby \u00fa\u010dastn\u00ed. Va\u0161e p\u0159\u00e1n\u00ed focen\u00ed svatby s V\u00e1mi v\u017edy nejprve podrobn\u011b projdu, Va\u0161e p\u0159edstavy o m\u00edst\u011b, denn\u00ed dob\u011b focen\u00ed, po\u010dtu svateb\u010dan\u016f. M\u00edsto focen\u00ed, pokud je to alespo\u0148 trochu mo\u017en\u00e9, nav\u0161t\u00edv\u00edm je\u0161t\u011b p\u0159ed &hellip; Pokra\u010dovat ve \u010dten\u00ed &quot;Svatebn\u00ed fotografie&quot;\" \/>\n<meta property=\"og:url\" content=\"https:\/\/www.petrmudrak.photo\/index.php\/vitejte-na-strankach-venovanych-fotografii\/svatebni-fotografie\/\" \/>\n<meta property=\"og:site_name\" content=\"Petr Mudr\u00e1k\" \/>\n<meta property=\"article:publisher\" content=\"http:\/\/www.facebook.com\/fotopetrmudrak\" \/>\n<meta property=\"article:modified_time\" content=\"2022-10-17T08:50:52+00:00\" \/>\n<meta name=\"twitter:label1\" content=\"Odhadovan\u00e1 doba \u010dten\u00ed\" \/>\n\t<meta name=\"twitter:data1\" content=\"1 minuta\" \/>\n<script type=\"application\/ld+json\" class=\"yoast-schema-graph\">{\"@context\":\"https:\\\/\\\/schema.org\",\"@graph\":[{\"@type\":\"WebPage\",\"@id\":\"https:\\\/\\\/www.petrmudrak.photo\\\/index.php\\\/vitejte-na-strankach-venovanych-fotografii\\\/svatebni-fotografie\\\/\",\"url\":\"https:\\\/\\\/www.petrmudrak.photo\\\/index.php\\\/vitejte-na-strankach-venovanych-fotografii\\\/svatebni-fotografie\\\/\",\"name\":\"Svatebn\u00ed fotografie - Petr Mudr\u00e1k\",\"isPartOf\":{\"@id\":\"https:\\\/\\\/www.petrmudrak.photo\\\/#website\"},\"datePublished\":\"2017-12-25T16:18:25+00:00\",\"dateModified\":\"2022-10-17T08:50:52+00:00\",\"breadcrumb\":{\"@id\":\"https:\\\/\\\/www.petrmudrak.photo\\\/index.php\\\/vitejte-na-strankach-venovanych-fotografii\\\/svatebni-fotografie\\\/#breadcrumb\"},\"inLanguage\":\"cs\",\"potentialAction\":[{\"@type\":\"ReadAction\",\"target\":[\"https:\\\/\\\/www.petrmudrak.photo\\\/index.php\\\/vitejte-na-strankach-venovanych-fotografii\\\/svatebni-fotografie\\\/\"]}]},{\"@type\":\"BreadcrumbList\",\"@id\":\"https:\\\/\\\/www.petrmudrak.photo\\\/index.php\\\/vitejte-na-strankach-venovanych-fotografii\\\/svatebni-fotografie\\\/#breadcrumb\",\"itemListElement\":[{\"@type\":\"ListItem\",\"position\":1,\"name\":\"Dom\u016f\",\"item\":\"https:\\\/\\\/www.petrmudrak.photo\\\/\"},{\"@type\":\"ListItem\",\"position\":2,\"name\":\"Uk\u00e1zkov\u00e9 galerie\",\"item\":\"https:\\\/\\\/www.petrmudrak.photo\\\/index.php\\\/vitejte-na-strankach-venovanych-fotografii\\\/\"},{\"@type\":\"ListItem\",\"position\":3,\"name\":\"Svatebn\u00ed fotografie\"}]},{\"@type\":\"WebSite\",\"@id\":\"https:\\\/\\\/www.petrmudrak.photo\\\/#website\",\"url\":\"https:\\\/\\\/www.petrmudrak.photo\\\/\",\"name\":\"Petr Mudr\u00e1k\",\"description\":\"fotograf\",\"publisher\":{\"@id\":\"https:\\\/\\\/www.petrmudrak.photo\\\/#organization\"},\"potentialAction\":[{\"@type\":\"SearchAction\",\"target\":{\"@type\":\"EntryPoint\",\"urlTemplate\":\"https:\\\/\\\/www.petrmudrak.photo\\\/?s={search_term_string}\"},\"query-input\":{\"@type\":\"PropertyValueSpecification\",\"valueRequired\":true,\"valueName\":\"search_term_string\"}}],\"inLanguage\":\"cs\"},{\"@type\":\"Organization\",\"@id\":\"https:\\\/\\\/www.petrmudrak.photo\\\/#organization\",\"name\":\"Petr Mudr\u00e1k - fotograf\",\"url\":\"https:\\\/\\\/www.petrmudrak.photo\\\/\",\"logo\":{\"@type\":\"ImageObject\",\"inLanguage\":\"cs\",\"@id\":\"https:\\\/\\\/www.petrmudrak.photo\\\/#\\\/schema\\\/logo\\\/image\\\/\",\"url\":\"https:\\\/\\\/www.petrmudrak.photo\\\/wp-content\\\/uploads\\\/2017\\\/12\\\/Pozad\u00ed-objektiv.jpg\",\"contentUrl\":\"https:\\\/\\\/www.petrmudrak.photo\\\/wp-content\\\/uploads\\\/2017\\\/12\\\/Pozad\u00ed-objektiv.jpg\",\"width\":1600,\"height\":1005,\"caption\":\"Petr Mudr\u00e1k - fotograf\"},\"image\":{\"@id\":\"https:\\\/\\\/www.petrmudrak.photo\\\/#\\\/schema\\\/logo\\\/image\\\/\"},\"sameAs\":[\"http:\\\/\\\/www.facebook.com\\\/fotopetrmudrak\"]}]}<\/script>\n<!-- \/ Yoast SEO plugin. -->","yoast_head_json":{"title":"Svatebn\u00ed fotografie - Petr Mudr\u00e1k","robots":{"index":"index","follow":"follow","max-snippet":"max-snippet:-1","max-image-preview":"max-image-preview:large","max-video-preview":"max-video-preview:-1"},"canonical":"https:\/\/www.petrmudrak.photo\/index.php\/vitejte-na-strankach-venovanych-fotografii\/svatebni-fotografie\/","og_locale":"cs_CZ","og_type":"article","og_title":"Svatebn\u00ed fotografie - Petr Mudr\u00e1k","og_description":"Svatebn\u00ed fotografie je specifick\u00fd druh fotografie, na jednu stranu je pot\u0159eba b\u00fdt pohotov\u00fd, ale na druhou stranu vn\u00edmav\u00fd na pocity v\u0161ech kdo se svatby \u00fa\u010dastn\u00ed. Va\u0161e p\u0159\u00e1n\u00ed focen\u00ed svatby s V\u00e1mi v\u017edy nejprve podrobn\u011b projdu, Va\u0161e p\u0159edstavy o m\u00edst\u011b, denn\u00ed dob\u011b focen\u00ed, po\u010dtu svateb\u010dan\u016f. M\u00edsto focen\u00ed, pokud je to alespo\u0148 trochu mo\u017en\u00e9, nav\u0161t\u00edv\u00edm je\u0161t\u011b p\u0159ed &hellip; Pokra\u010dovat ve \u010dten\u00ed \"Svatebn\u00ed fotografie\"","og_url":"https:\/\/www.petrmudrak.photo\/index.php\/vitejte-na-strankach-venovanych-fotografii\/svatebni-fotografie\/","og_site_name":"Petr Mudr\u00e1k","article_publisher":"http:\/\/www.facebook.com\/fotopetrmudrak","article_modified_time":"2022-10-17T08:50:52+00:00","twitter_misc":{"Odhadovan\u00e1 doba \u010dten\u00ed":"1 minuta"},"schema":{"@context":"https:\/\/schema.org","@graph":[{"@type":"WebPage","@id":"https:\/\/www.petrmudrak.photo\/index.php\/vitejte-na-strankach-venovanych-fotografii\/svatebni-fotografie\/","url":"https:\/\/www.petrmudrak.photo\/index.php\/vitejte-na-strankach-venovanych-fotografii\/svatebni-fotografie\/","name":"Svatebn\u00ed fotografie - Petr Mudr\u00e1k","isPartOf":{"@id":"https:\/\/www.petrmudrak.photo\/#website"},"datePublished":"2017-12-25T16:18:25+00:00","dateModified":"2022-10-17T08:50:52+00:00","breadcrumb":{"@id":"https:\/\/www.petrmudrak.photo\/index.php\/vitejte-na-strankach-venovanych-fotografii\/svatebni-fotografie\/#breadcrumb"},"inLanguage":"cs","potentialAction":[{"@type":"ReadAction","target":["https:\/\/www.petrmudrak.photo\/index.php\/vitejte-na-strankach-venovanych-fotografii\/svatebni-fotografie\/"]}]},{"@type":"BreadcrumbList","@id":"https:\/\/www.petrmudrak.photo\/index.php\/vitejte-na-strankach-venovanych-fotografii\/svatebni-fotografie\/#breadcrumb","itemListElement":[{"@type":"ListItem","position":1,"name":"Dom\u016f","item":"https:\/\/www.petrmudrak.photo\/"},{"@type":"ListItem","position":2,"name":"Uk\u00e1zkov\u00e9 galerie","item":"https:\/\/www.petrmudrak.photo\/index.php\/vitejte-na-strankach-venovanych-fotografii\/"},{"@type":"ListItem","position":3,"name":"Svatebn\u00ed fotografie"}]},{"@type":"WebSite","@id":"https:\/\/www.petrmudrak.photo\/#website","url":"https:\/\/www.petrmudrak.photo\/","name":"Petr Mudr\u00e1k","description":"fotograf","publisher":{"@id":"https:\/\/www.petrmudrak.photo\/#organization"},"potentialAction":[{"@type":"SearchAction","target":{"@type":"EntryPoint","urlTemplate":"https:\/\/www.petrmudrak.photo\/?s={search_term_string}"},"query-input":{"@type":"PropertyValueSpecification","valueRequired":true,"valueName":"search_term_string"}}],"inLanguage":"cs"},{"@type":"Organization","@id":"https:\/\/www.petrmudrak.photo\/#organization","name":"Petr Mudr\u00e1k - fotograf","url":"https:\/\/www.petrmudrak.photo\/","logo":{"@type":"ImageObject","inLanguage":"cs","@id":"https:\/\/www.petrmudrak.photo\/#\/schema\/logo\/image\/","url":"https:\/\/www.petrmudrak.photo\/wp-content\/uploads\/2017\/12\/Pozad\u00ed-objektiv.jpg","contentUrl":"https:\/\/www.petrmudrak.photo\/wp-content\/uploads\/2017\/12\/Pozad\u00ed-objektiv.jpg","width":1600,"height":1005,"caption":"Petr Mudr\u00e1k - fotograf"},"image":{"@id":"https:\/\/www.petrmudrak.photo\/#\/schema\/logo\/image\/"},"sameAs":["http:\/\/www.facebook.com\/fotopetrmudrak"]}]}},"_links":{"self":[{"href":"https:\/\/www.petrmudrak.photo\/index.php\/wp-json\/wp\/v2\/pages\/104","targetHints":{"allow":["GET"]}}],"collection":[{"href":"https:\/\/www.petrmudrak.photo\/index.php\/wp-json\/wp\/v2\/pages"}],"about":[{"href":"https:\/\/www.petrmudrak.photo\/index.php\/wp-json\/wp\/v2\/types\/page"}],"author":[{"embeddable":true,"href":"https:\/\/www.petrmudrak.photo\/index.php\/wp-json\/wp\/v2\/users\/1"}],"replies":[{"embeddable":true,"href":"https:\/\/www.petrmudrak.photo\/index.php\/wp-json\/wp\/v2\/comments?post=104"}],"version-history":[{"count":15,"href":"https:\/\/www.petrmudrak.photo\/index.php\/wp-json\/wp\/v2\/pages\/104\/revisions"}],"predecessor-version":[{"id":1339,"href":"https:\/\/www.petrmudrak.photo\/index.php\/wp-json\/wp\/v2\/pages\/104\/revisions\/1339"}],"up":[{"embeddable":true,"href":"https:\/\/www.petrmudrak.photo\/index.php\/wp-json\/wp\/v2\/pages\/217"}],"wp:attachment":[{"href":"https:\/\/www.petrmudrak.photo\/index.php\/wp-json\/wp\/v2\/media?parent=104"}],"curies":[{"name":"wp","href":"https:\/\/api.w.org\/{rel}","templated":true}]}}